{"id":17037,"date":"2024-05-17T11:29:33","date_gmt":"2024-05-17T11:29:33","guid":{"rendered":"https:\/\/geppi-kaffeemaschinen.ch\/?page_id=17037"},"modified":"2024-08-09T13:50:12","modified_gmt":"2024-08-09T11:50:12","slug":"agb","status":"publish","type":"page","link":"https:\/\/geppi-kaffeemaschinen.ch\/fr\/agb\/","title":{"rendered":"Conditions"},"content":{"rendered":"<div data-elementor-type=\"wp-page\" data-elementor-id=\"17037\" class=\"elementor elementor-17037\" data-elementor-post-type=\"page\">\n\t\t\t\t<div class=\"elementor-element elementor-element-d417e52 wd-section-stretch e-flex e-con-boxed e-con e-parent\" data-id=\"d417e52\" data-element_type=\"container\" data-e-type=\"container\">\n\t\t\t\t\t<div class=\"e-con-inner\">\n\t\t\t\t<div class=\"elementor-element elementor-element-0a17387 elementor-widget elementor-widget-wd_text_block\" data-id=\"0a17387\" data-element_type=\"widget\" data-e-type=\"widget\" data-widget_type=\"wd_text_block.default\">\n\t\t\t\t<div class=\"elementor-widget-container\">\n\t\t\t\t\t\t\t<div class=\"wd-text-block reset-last-child text-left\">\n\t\t\t\n\t\t\t<h3>Conditions g\u00e9n\u00e9rales de vente (CGV)<\/h3><h4>1. Port\u00e9e<\/h4><p>Les pr\u00e9sentes conditions g\u00e9n\u00e9rales (CG) s&#039;appliquent \u00e0 toutes les commandes que les consommateurs (\u00a7 13 BGB) passent via la boutique en ligne de Geppi Kaffeemaschinen, Bernstrasse 55, 4852 Rothrist, Suisse.<\/p><h4>2. Partenaire contractuel, conclusion du contrat<\/h4><p>Le contrat d&#039;achat est conclu avec les machines \u00e0 caf\u00e9 Geppi.<\/p><p>En pla\u00e7ant les produits dans la boutique en ligne, nous faisons une offre ferme de conclure un contrat pour ces articles. Vous pouvez d&#039;abord placer nos produits dans votre panier sans engagement et corriger vos saisies \u00e0 tout moment avant de passer votre commande ferme en utilisant les aides \u00e0 la correction fournies et expliqu\u00e9es dans le processus de commande. Le contrat est conclu lorsque vous acceptez l&#039;offre pour les marchandises contenues dans le panier en cliquant sur le bouton de commande. Imm\u00e9diatement apr\u00e8s avoir soumis votre commande, vous recevrez une autre confirmation par e-mail.<\/p><h4>3. Langue du contrat, stockage du texte du contrat<\/h4><p>La langue disponible pour conclure le contrat est l\u2019allemand.<\/p><p>Nous enregistrons le texte du contrat et vous envoyons les d\u00e9tails de la commande ainsi que nos conditions g\u00e9n\u00e9rales par e-mail. Vous pouvez consulter le texte du contrat dans notre login client.<\/p><h4>4. Conditions de livraison<\/h4><p>Aux prix des produits indiqu\u00e9s s\u2019ajoutent les frais d\u2019exp\u00e9dition. Vous pouvez en savoir plus sur les frais de port dans les offres.<\/p><p>Vous avez g\u00e9n\u00e9ralement la possibilit\u00e9 de retirer votre commande aupr\u00e8s de Geppi Kaffeemaschinen, Bernstrasse 55, 4852 Rothrist, Suisse pendant les heures d&#039;ouverture suivantes : du lundi au vendredi de 9h00 \u00e0 17h00, hors jours f\u00e9ri\u00e9s. Veuillez nous informer au moins deux jours ouvrables avant votre enl\u00e8vement afin que nous puissions pr\u00e9parer la marchandise depuis notre entrep\u00f4t.<\/p><p>Nous ne livrons pas aux stations d&#039;emballage.<\/p><h4>5. Paiement<\/h4><p>Les modes de paiement suivants sont g\u00e9n\u00e9ralement \u00e0 votre disposition dans notre boutique :<\/p><p><strong>- Paiement d&#039;avance :<\/strong> Si vous choisissez le mode de paiement anticip\u00e9, nous vous communiquerons nos coordonn\u00e9es bancaires dans un e-mail s\u00e9par\u00e9 et livrerons la marchandise apr\u00e8s r\u00e9ception du paiement.<br \/><strong>- Carte de cr\u00e9dit: <\/strong>Lorsque vous passez votre commande, vous nous fournissez \u00e9galement les d\u00e9tails de votre carte de cr\u00e9dit. Une fois que vous avez \u00e9t\u00e9 authentifi\u00e9 en tant que titulaire de carte l\u00e9gitime, nous demanderons \u00e0 votre soci\u00e9t\u00e9 de carte de cr\u00e9dit d&#039;initier la transaction de paiement imm\u00e9diatement apr\u00e8s avoir pass\u00e9 votre commande. L&#039;op\u00e9ration de paiement est effectu\u00e9e automatiquement par la soci\u00e9t\u00e9 \u00e9mettrice de la carte de cr\u00e9dit et votre carte est d\u00e9bit\u00e9e.<br \/><strong>- Pay Pal:<\/strong> Pendant le processus de commande, vous serez redirig\u00e9 vers le site Internet du fournisseur en ligne PayPal. Afin de pouvoir payer le montant de la facture via PayPal, vous devez y \u00eatre inscrit ou vous inscrire au pr\u00e9alable, vous identifier avec vos donn\u00e9es d&#039;acc\u00e8s et nous confirmer l&#039;instruction de paiement. Apr\u00e8s avoir pass\u00e9 la commande dans la boutique, nous demandons \u00e0 PayPal d&#039;initier l&#039;op\u00e9ration de paiement. L&#039;op\u00e9ration de paiement sera effectu\u00e9e automatiquement par PayPal imm\u00e9diatement apr\u00e8s. Vous obtiendrez plus d\u2019informations au cours du processus de commande.<br \/><strong>- Imm\u00e9diatement:<\/strong> Apr\u00e8s avoir pass\u00e9 votre commande, vous serez redirig\u00e9 vers le site Internet du fournisseur en ligne Sofort GmbH. Afin de pouvoir payer le montant de la facture via Sofort, vous devez disposer d&#039;un compte bancaire en ligne avec une proc\u00e9dure PIN\/TAN activ\u00e9e pour la participation \u00e0 Sofort, vous identifier en cons\u00e9quence et nous confirmer l&#039;instruction de paiement. Vous obtiendrez plus d\u2019informations au cours du processus de commande. L&#039;op\u00e9ration de paiement sera effectu\u00e9e par Sofort imm\u00e9diatement apr\u00e8s et votre compte sera d\u00e9bit\u00e9.<br \/><strong>- Facture:<\/strong> Apr\u00e8s r\u00e9ception de la marchandise et de la facture, vous payez le montant de la facture par virement bancaire sur notre compte bancaire. Nous nous r\u00e9servons le droit de proposer un achat sur facture uniquement apr\u00e8s une v\u00e9rification de cr\u00e9dit r\u00e9ussie.<\/p><h4>6. R\u00e9serve de propri\u00e9t\u00e9<\/h4><p>Les marchandises restent notre propri\u00e9t\u00e9 jusqu&#039;au paiement int\u00e9gral.<\/p><h4>7. Dommages dus au transport<\/h4><p>Si les marchandises sont livr\u00e9es avec des dommages \u00e9vidents dus au transport, veuillez signaler ces erreurs au livreur d\u00e8s que possible et veuillez nous contacter imm\u00e9diatement. Le fait de ne pas d\u00e9poser de r\u00e9clamation ou de ne pas nous contacter n&#039;a aucune cons\u00e9quence sur vos droits l\u00e9gaux et leur application, en particulier sur vos droits \u00e0 la garantie. Cependant, ils nous aident \u00e0 pouvoir faire valoir nos propres droits contre le transporteur ou la compagnie d&#039;assurance transport.<\/p><h4>8. Garantie et garanties<\/h4><p>Sauf convention contraire expresse ci-dessous, le droit l\u00e9gal de la responsabilit\u00e9 s&#039;applique.<\/p><p>Ce qui suit s&#039;applique aux marchandises d&#039;occasion : si le d\u00e9faut survient un an apr\u00e8s la livraison de la marchandise, les r\u00e9clamations pour d\u00e9fauts sont exclues. Les d\u00e9fauts survenant dans l&#039;ann\u00e9e suivant la livraison de la marchandise peuvent \u00eatre r\u00e9clam\u00e9s dans le d\u00e9lai de prescription l\u00e9gal de deux ans \u00e0 compter de la livraison de la marchandise.<\/p><p>Les restrictions et d\u00e9lais raccourcis ci-dessus ne s&#039;appliquent pas aux r\u00e9clamations r\u00e9sultant de dommages caus\u00e9s par nous, nos repr\u00e9sentants l\u00e9gaux ou nos agents d&#039;ex\u00e9cution\u00a0:<br \/>- en cas d&#039;atteinte \u00e0 la vie, au corps ou \u00e0 la sant\u00e9<br \/>- en cas de manquement intentionnel ou par n\u00e9gligence grave aux obligations ou de fraude<br \/>- en cas de manquement \u00e0 des obligations contractuelles essentielles, dont le respect est indispensable \u00e0 la bonne ex\u00e9cution du contrat et sur le respect desquelles le partenaire contractuel peut r\u00e9guli\u00e8rement compter (obligations cardinales)<br \/>- dans le cadre d&#039;une promesse de garantie, si convenu<br \/>- dans la mesure o\u00f9 le champ d&#039;application de la loi sur la responsabilit\u00e9 du fait des produits est ouvert.<\/p><p>Des informations sur les garanties suppl\u00e9mentaires \u00e9ventuellement applicables et leurs conditions exactes peuvent \u00eatre trouv\u00e9es avec le produit et sur les pages d&#039;informations sp\u00e9ciales de la boutique en ligne.<\/p><h4>9. Responsabilit\u00e9<\/h4><p>Nous avons toujours une responsabilit\u00e9 illimit\u00e9e pour les r\u00e9clamations dues \u00e0 des dommages caus\u00e9s par nous, nos repr\u00e9sentants l\u00e9gaux ou nos agents d&#039;ex\u00e9cution.<br \/>- en cas d&#039;atteinte \u00e0 la vie, \u00e0 l&#039;int\u00e9grit\u00e9 physique ou \u00e0 la sant\u00e9,<br \/>- en cas de manquement intentionnel ou par n\u00e9gligence grave aux obligations,<br \/>- en cas de promesses de garantie, si convenues, ou<br \/>- dans la mesure o\u00f9 le champ d&#039;application de la loi sur la responsabilit\u00e9 du fait des produits est ouvert.<\/p><p>En cas de manquement \u00e0 des obligations contractuelles essentielles, dont le respect est essentiel \u00e0 la bonne ex\u00e9cution du contrat et sur le respect desquelles le partenaire contractuel peut r\u00e9guli\u00e8rement compter (obligations cardinales) en raison d&#039;une l\u00e9g\u00e8re n\u00e9gligence de notre part, notre service juridique repr\u00e9sentants ou agents d&#039;ex\u00e9cution, la responsabilit\u00e9 est limit\u00e9e au montant des dommages pr\u00e9visibles au moment de la conclusion du contrat limit\u00e9, dont la survenance doit g\u00e9n\u00e9ralement \u00eatre attendue. Dans le cas contraire, les demandes de dommages et int\u00e9r\u00eats sont exclues.<\/p><h4>10. Code de conduite<\/h4><p>Nous avons adh\u00e9r\u00e9 aux codes de conduite suivants\u00a0:<br \/>- Crit\u00e8res de qualit\u00e9 Trusted Shops<br \/>- https:\/\/www.trustedshops.com\/tsdocument\/TS_QUALITY_CRITERIA_de.pdf<\/p><h4><strong>11. Droit de r\u00e9tractation<\/strong><\/h4><p>Les consommateurs disposent d&#039;un droit de r\u00e9tractation de quatorze jours. Les d\u00e9tails du droit de r\u00e9tractation et un exemple de formulaire de r\u00e9tractation peuvent \u00eatre trouv\u00e9s dans notre <a href=\"https:\/\/geppi-kaffeemaschinen.ch\/retouren-und-rueckerstattungen\/\" rel=\"noreferrer\">Politique d&#039;annulation<\/a>.<\/p><h4><strong>12. Protection des donn\u00e9es<\/strong><\/h4><p>Nous collectons, traitons et utilisons vos donn\u00e9es personnelles uniquement dans le cadre des dispositions l\u00e9gales. De plus amples informations peuvent \u00eatre trouv\u00e9es dans notre <a href=\"https:\/\/geppi-kaffeemaschinen.ch\/datenschutz\/\" rel=\"noreferrer\">politique de confidentialit\u00e9<\/a>.<\/p><h4><strong>13. Loi applicable<\/strong><\/h4><p>Le droit suisse s&#039;applique, \u00e0 l&#039;exclusion de la Convention des Nations Unies sur les contrats de vente internationale de marchandises.<\/p><h4><strong>14. Modifications des conditions g\u00e9n\u00e9rales<\/strong><\/h4><p>Nous nous r\u00e9servons le droit de modifier les pr\u00e9sentes conditions g\u00e9n\u00e9rales \u00e0 tout moment. Les modifications vous seront communiqu\u00e9es en temps opportun et entreront en vigueur si vous ne vous opposez pas aux conditions g\u00e9n\u00e9rales modifi\u00e9es dans un d\u00e9lai de 30 jours.<\/p><h4><strong>15. Contacter<\/strong><\/h4><p>Si vous avez des questions concernant votre commande ou nos conditions g\u00e9n\u00e9rales de vente, vous pouvez nous contacter \u00e0 l&#039;adresse suivante :<br \/>Machines \u00e0 caf\u00e9 Geppi<br \/>Bernstrasse 55<br \/>4852 Rothrist, Suisse<br \/>T\u00e9l\u00e9phone: <a href=\"tel:+41762139236\">(076) 213 92 36<\/a><br \/>E-mail: <a href=\"mailto:info@geppi-kaffeemaschinen.ch\">info@geppi-kaffeemaschinen.ch<\/a><\/p>\n\t\t\t\t\t<\/div>\n\t\t\t\t\t\t<\/div>\n\t\t\t\t<\/div>\n\t\t\t\t\t<\/div>\n\t\t\t\t<\/div>\n\t\t\t\t<\/div>","protected":false},"excerpt":{"rendered":"<p>Allgemeine Gesch\u00e4ftsbedingungen (AGB) 1. Geltungsbereich Diese Allgemeinen Gesch\u00e4ftsbedingungen (AGB) gelten f\u00fcr alle Bestellungen, die Verbraucher (\u00a7 13 BGB) \u00fcber den<\/p>","protected":false},"author":1,"featured_media":0,"parent":0,"menu_order":0,"comment_status":"closed","ping_status":"closed","template":"elementor_header_footer","meta":{"footnotes":""},"class_list":["post-17037","page","type-page","status-publish","hentry"],"yoast_head":"<!-- This site is optimized with the Yoast SEO plugin v25.1 - https:\/\/yoast.com\/wordpress\/plugins\/seo\/ -->\n<title>AGB - Geppi Kaffeemaschinen<\/title>\n<meta name=\"robots\" content=\"noindex, nofollow\" \/>\n<meta property=\"og:locale\" content=\"fr_FR\" \/>\n<meta property=\"og:type\" content=\"article\" \/>\n<meta property=\"og:title\" content=\"AGB - Geppi Kaffeemaschinen\" \/>\n<meta property=\"og:description\" content=\"Allgemeine Gesch\u00e4ftsbedingungen (AGB) 1. Geltungsbereich Diese Allgemeinen Gesch\u00e4ftsbedingungen (AGB) gelten f\u00fcr alle Bestellungen, die Verbraucher (\u00a7 13 BGB) \u00fcber den\" \/>\n<meta property=\"og:url\" content=\"https:\/\/geppi-kaffeemaschinen.ch\/fr\/agb\/\" \/>\n<meta property=\"og:site_name\" content=\"Geppi Kaffeemaschinen\" \/>\n<meta property=\"article:modified_time\" content=\"2024-08-09T11:50:12+00:00\" \/>\n<meta name=\"twitter:card\" content=\"summary_large_image\" \/>\n<meta name=\"twitter:label1\" content=\"Dur\u00e9e de lecture estim\u00e9e\" \/>\n\t<meta name=\"twitter:data1\" content=\"6 minutes\" \/>\n<script type=\"application\/ld+json\" class=\"yoast-schema-graph\">{\"@context\":\"https:\/\/schema.org\",\"@graph\":[{\"@type\":\"WebPage\",\"@id\":\"https:\/\/geppi-kaffeemaschinen.ch\/agb\/\",\"url\":\"https:\/\/geppi-kaffeemaschinen.ch\/agb\/\",\"name\":\"AGB - Geppi Kaffeemaschinen\",\"isPartOf\":{\"@id\":\"https:\/\/geppi-kaffeemaschinen.ch\/fr\/#website\"},\"datePublished\":\"2024-05-17T11:29:33+00:00\",\"dateModified\":\"2024-08-09T11:50:12+00:00\",\"breadcrumb\":{\"@id\":\"https:\/\/geppi-kaffeemaschinen.ch\/agb\/#breadcrumb\"},\"inLanguage\":\"fr-FR\",\"potentialAction\":[{\"@type\":\"ReadAction\",\"target\":[\"https:\/\/geppi-kaffeemaschinen.ch\/agb\/\"]}]},{\"@type\":\"BreadcrumbList\",\"@id\":\"https:\/\/geppi-kaffeemaschinen.ch\/agb\/#breadcrumb\",\"itemListElement\":[{\"@type\":\"ListItem\",\"position\":1,\"name\":\"Startseite\",\"item\":\"https:\/\/geppi-kaffeemaschinen.ch\/\"},{\"@type\":\"ListItem\",\"position\":2,\"name\":\"AGB\"}]},{\"@type\":\"WebSite\",\"@id\":\"https:\/\/geppi-kaffeemaschinen.ch\/fr\/#website\",\"url\":\"https:\/\/geppi-kaffeemaschinen.ch\/fr\/\",\"name\":\"Geppi Kaffeemaschinen\",\"description\":\"\",\"publisher\":{\"@id\":\"https:\/\/geppi-kaffeemaschinen.ch\/fr\/#organization\"},\"potentialAction\":[{\"@type\":\"SearchAction\",\"target\":{\"@type\":\"EntryPoint\",\"urlTemplate\":\"https:\/\/geppi-kaffeemaschinen.ch\/fr\/?s={search_term_string}\"},\"query-input\":{\"@type\":\"PropertyValueSpecification\",\"valueRequired\":true,\"valueName\":\"search_term_string\"}}],\"inLanguage\":\"fr-FR\"},{\"@type\":\"Organization\",\"@id\":\"https:\/\/geppi-kaffeemaschinen.ch\/fr\/#organization\",\"name\":\"Geppi Kaffeemaschinen\",\"url\":\"https:\/\/geppi-kaffeemaschinen.ch\/fr\/\",\"logo\":{\"@type\":\"ImageObject\",\"inLanguage\":\"fr-FR\",\"@id\":\"https:\/\/geppi-kaffeemaschinen.ch\/fr\/#\/schema\/logo\/image\/\",\"url\":\"https:\/\/geppi-kaffeemaschinen.ch\/wp-content\/uploads\/2021\/08\/logo-scaled_prev_ui.png\",\"contentUrl\":\"https:\/\/geppi-kaffeemaschinen.ch\/wp-content\/uploads\/2021\/08\/logo-scaled_prev_ui.png\",\"width\":500,\"height\":500,\"caption\":\"Geppi Kaffeemaschinen\"},\"image\":{\"@id\":\"https:\/\/geppi-kaffeemaschinen.ch\/fr\/#\/schema\/logo\/image\/\"}}]}<\/script>\n<!-- \/ Yoast SEO plugin. -->","yoast_head_json":{"title":"AGB - Geppi Kaffeemaschinen","robots":{"index":"noindex","follow":"nofollow"},"og_locale":"fr_FR","og_type":"article","og_title":"AGB - Geppi Kaffeemaschinen","og_description":"Allgemeine Gesch\u00e4ftsbedingungen (AGB) 1. Geltungsbereich Diese Allgemeinen Gesch\u00e4ftsbedingungen (AGB) gelten f\u00fcr alle Bestellungen, die Verbraucher (\u00a7 13 BGB) \u00fcber den","og_url":"https:\/\/geppi-kaffeemaschinen.ch\/fr\/agb\/","og_site_name":"Geppi Kaffeemaschinen","article_modified_time":"2024-08-09T11:50:12+00:00","twitter_card":"summary_large_image","twitter_misc":{"Dur\u00e9e de lecture estim\u00e9e":"6 minutes"},"schema":{"@context":"https:\/\/schema.org","@graph":[{"@type":"WebPage","@id":"https:\/\/geppi-kaffeemaschinen.ch\/agb\/","url":"https:\/\/geppi-kaffeemaschinen.ch\/agb\/","name":"AGB - Geppi Kaffeemaschinen","isPartOf":{"@id":"https:\/\/geppi-kaffeemaschinen.ch\/fr\/#website"},"datePublished":"2024-05-17T11:29:33+00:00","dateModified":"2024-08-09T11:50:12+00:00","breadcrumb":{"@id":"https:\/\/geppi-kaffeemaschinen.ch\/agb\/#breadcrumb"},"inLanguage":"fr-FR","potentialAction":[{"@type":"ReadAction","target":["https:\/\/geppi-kaffeemaschinen.ch\/agb\/"]}]},{"@type":"BreadcrumbList","@id":"https:\/\/geppi-kaffeemaschinen.ch\/agb\/#breadcrumb","itemListElement":[{"@type":"ListItem","position":1,"name":"Startseite","item":"https:\/\/geppi-kaffeemaschinen.ch\/"},{"@type":"ListItem","position":2,"name":"AGB"}]},{"@type":"WebSite","@id":"https:\/\/geppi-kaffeemaschinen.ch\/fr\/#website","url":"https:\/\/geppi-kaffeemaschinen.ch\/fr\/","name":"Machines \u00e0 caf\u00e9 Geppi","description":"","publisher":{"@id":"https:\/\/geppi-kaffeemaschinen.ch\/fr\/#organization"},"potentialAction":[{"@type":"SearchAction","target":{"@type":"EntryPoint","urlTemplate":"https:\/\/geppi-kaffeemaschinen.ch\/fr\/?s={search_term_string}"},"query-input":{"@type":"PropertyValueSpecification","valueRequired":true,"valueName":"search_term_string"}}],"inLanguage":"fr-FR"},{"@type":"Organization","@id":"https:\/\/geppi-kaffeemaschinen.ch\/fr\/#organization","name":"Machines \u00e0 caf\u00e9 Geppi","url":"https:\/\/geppi-kaffeemaschinen.ch\/fr\/","logo":{"@type":"ImageObject","inLanguage":"fr-FR","@id":"https:\/\/geppi-kaffeemaschinen.ch\/fr\/#\/schema\/logo\/image\/","url":"https:\/\/geppi-kaffeemaschinen.ch\/wp-content\/uploads\/2021\/08\/logo-scaled_prev_ui.png","contentUrl":"https:\/\/geppi-kaffeemaschinen.ch\/wp-content\/uploads\/2021\/08\/logo-scaled_prev_ui.png","width":500,"height":500,"caption":"Geppi Kaffeemaschinen"},"image":{"@id":"https:\/\/geppi-kaffeemaschinen.ch\/fr\/#\/schema\/logo\/image\/"}}]}},"_links":{"self":[{"href":"https:\/\/geppi-kaffeemaschinen.ch\/fr\/wp-json\/wp\/v2\/pages\/17037","targetHints":{"allow":["GET"]}}],"collection":[{"href":"https:\/\/geppi-kaffeemaschinen.ch\/fr\/wp-json\/wp\/v2\/pages"}],"about":[{"href":"https:\/\/geppi-kaffeemaschinen.ch\/fr\/wp-json\/wp\/v2\/types\/page"}],"author":[{"embeddable":true,"href":"https:\/\/geppi-kaffeemaschinen.ch\/fr\/wp-json\/wp\/v2\/users\/1"}],"replies":[{"embeddable":true,"href":"https:\/\/geppi-kaffeemaschinen.ch\/fr\/wp-json\/wp\/v2\/comments?post=17037"}],"version-history":[{"count":52,"href":"https:\/\/geppi-kaffeemaschinen.ch\/fr\/wp-json\/wp\/v2\/pages\/17037\/revisions"}],"predecessor-version":[{"id":17456,"href":"https:\/\/geppi-kaffeemaschinen.ch\/fr\/wp-json\/wp\/v2\/pages\/17037\/revisions\/17456"}],"wp:attachment":[{"href":"https:\/\/geppi-kaffeemaschinen.ch\/fr\/wp-json\/wp\/v2\/media?parent=17037"}],"curies":[{"name":"wp","href":"https:\/\/api.w.org\/{rel}","templated":true}]}}