{"id":17327,"date":"2024-07-04T16:45:48","date_gmt":"2024-07-04T14:45:48","guid":{"rendered":"https:\/\/geppi-kaffeemaschinen.ch\/?page_id=17327"},"modified":"2024-08-09T13:47:10","modified_gmt":"2024-08-09T11:47:10","slug":"retouren-und-rueckerstattungen","status":"publish","type":"page","link":"https:\/\/geppi-kaffeemaschinen.ch\/fr\/retouren-und-rueckerstattungen\/","title":{"rendered":"Retours et remboursements"},"content":{"rendered":"<div data-elementor-type=\"wp-page\" data-elementor-id=\"17327\" class=\"elementor elementor-17327\" data-elementor-post-type=\"page\">\n\t\t\t\t<div class=\"elementor-element elementor-element-d4e5340 wd-section-stretch e-flex e-con-boxed e-con e-parent\" data-id=\"d4e5340\" data-element_type=\"container\" data-e-type=\"container\">\n\t\t\t\t\t<div class=\"e-con-inner\">\n\t\t\t\t<div class=\"elementor-element elementor-element-bcc1d7e elementor-widget elementor-widget-wd_text_block\" data-id=\"bcc1d7e\" data-element_type=\"widget\" data-e-type=\"widget\" data-widget_type=\"wd_text_block.default\">\n\t\t\t\t<div class=\"elementor-widget-container\">\n\t\t\t\t\t\t\t<div class=\"wd-text-block reset-last-child text-left\">\n\t\t\t\n\t\t\t<h3>Retours et remboursements<\/h3><h4>1. Droit de r\u00e9tractation<\/h4><p>Vous avez le droit de r\u00e9silier ce contrat dans un d\u00e9lai de quatorze jours sans donner de motif. Le d\u00e9lai de r\u00e9tractation est de quatorze jours \u00e0 compter du jour o\u00f9 vous ou un tiers d\u00e9sign\u00e9 par vous qui n&#039;est pas le transporteur avez pris possession de la marchandise.<\/p><p>Pour exercer votre droit de r\u00e9tractation, vous devez nous contacter (Geppi Kaffeemaschinen, Bernstrasse 55, 4852 Rothrist, Suisse, email : <a href=\"mailto:info@geppi-kaffeemaschinen.ch\">info@geppi-kaffeemaschinen.ch<\/a>, t\u00e9l\u00e9phone : <a href=\"tel:+41076213 92 36)\">(076) 213 92 36)<\/a> vous informer de votre d\u00e9cision de vous r\u00e9tracter du pr\u00e9sent contrat au moyen d&#039;une d\u00e9claration claire (par exemple une lettre envoy\u00e9e par courrier ou par e-mail). Vous pouvez utiliser le mod\u00e8le de formulaire d\u2019annulation ci-joint, bien que cela ne soit pas obligatoire.<\/p><h4>2. Cons\u00e9quences de la r\u00e9vocation<\/h4><p>Si vous annulez ce contrat, nous vous rembourserons tous les paiements re\u00e7us de votre part, y compris les frais de livraison (\u00e0 l&#039;exception des frais suppl\u00e9mentaires r\u00e9sultant du choix d&#039;un mode de livraison autre que la livraison standard la moins ch\u00e8re que nous proposons, \u00e0 rembourser imm\u00e9diatement et au plus tard. au plus tard quatorze jours \u00e0 compter du jour o\u00f9 nous avons re\u00e7u notification de votre r\u00e9siliation du pr\u00e9sent contrat. Pour ce remboursement, nous utilisons le m\u00eame mode de paiement que celui que vous avez utilis\u00e9 pour la transaction initiale, \u00e0 moins que quelque chose de diff\u00e9rent n&#039;ait \u00e9t\u00e9 express\u00e9ment convenu avec vous\u00a0; en aucun cas des frais ne vous seront factur\u00e9s du fait de ce remboursement.<\/p><p>Nous pouvons refuser le remboursement jusqu&#039;\u00e0 ce que nous ayons re\u00e7u les marchandises ou jusqu&#039;\u00e0 ce que vous ayez fourni la preuve que vous avez renvoy\u00e9 les marchandises, la date la plus proche \u00e9tant retenue.<\/p><p>Vous devez nous retourner ou nous remettre la marchandise (Geppi Kaffeemaschinen, Bernstrasse 55, 4852 Rothrist, Suisse) imm\u00e9diatement et en tout cas au plus tard quatorze jours \u00e0 compter du jour o\u00f9 vous nous informez de votre r\u00e9siliation du pr\u00e9sent contrat. Le d\u00e9lai est respect\u00e9 si vous envoyez la marchandise avant l&#039;expiration du d\u00e9lai de quatorze jours.<\/p><p>Vous supportez les frais directs de retour de la marchandise.<\/p><h4>3. Exemple de formulaire d&#039;annulation<\/h4><p>(Si vous souhaitez annuler le contrat, veuillez remplir ce formulaire et le renvoyer.)<\/p><p>\u00c0 Geppi Kaffeemaschinen, Bernstrasse 55, 4852 Rothrist, Suisse, e-mail : info@geppi.kaffeemaschinen.ch :<\/p><p>Je\/nous (*) r\u00e9voquons par la pr\u00e9sente le contrat conclu par moi\/nous (*) pour l&#039;achat des biens suivants (*)\/la fourniture du service suivant (*)<\/p><p>- Command\u00e9 le (*)\/re\u00e7u le (*)<\/p><p>- Nom du ou des consommateurs<\/p><p>- Adresse du ou des consommateurs<\/p><p>- Signature du ou des consommateurs (uniquement pour la notification papier)<\/p><p>- Date<\/p><p>(*) Supprimer ce qui n&#039;est pas applicable.<\/p><h4>4. Exclusion du droit de r\u00e9tractation<\/h4><p>Le droit de r\u00e9tractation ne s&#039;applique pas aux contrats portant sur la livraison de marchandises qui ne sont pas pr\u00e9fabriqu\u00e9es et pour la fabrication desquelles une s\u00e9lection ou une d\u00e9termination individuelle du consommateur est d\u00e9terminante ou qui sont clairement adapt\u00e9es aux besoins personnels du consommateur.<\/p><h4>Fin des conditions d&#039;annulation<\/h4>\n\t\t\t\t\t<\/div>\n\t\t\t\t\t\t<\/div>\n\t\t\t\t<\/div>\n\t\t\t\t\t<\/div>\n\t\t\t\t<\/div>\n\t\t\t\t<\/div>","protected":false},"excerpt":{"rendered":"<p>Retouren und R\u00fcckerstattungen 1. Widerrufsrecht Sie haben das Recht, binnen vierzehn Tagen ohne Angabe von Gr\u00fcnden diesen Vertrag zu widerrufen.<\/p>","protected":false},"author":1,"featured_media":0,"parent":0,"menu_order":0,"comment_status":"closed","ping_status":"closed","template":"elementor_header_footer","meta":{"footnotes":""},"class_list":["post-17327","page","type-page","status-publish","hentry"],"yoast_head":"<!-- This site is optimized with the Yoast SEO plugin v25.1 - https:\/\/yoast.com\/wordpress\/plugins\/seo\/ -->\n<title>Retouren und R\u00fcckerstattungen - Geppi Kaffeemaschinen<\/title>\n<meta name=\"robots\" content=\"noindex, nofollow\" \/>\n<meta property=\"og:locale\" content=\"fr_FR\" \/>\n<meta property=\"og:type\" content=\"article\" \/>\n<meta property=\"og:title\" content=\"Retouren und R\u00fcckerstattungen - Geppi Kaffeemaschinen\" \/>\n<meta property=\"og:description\" content=\"Retouren und R\u00fcckerstattungen 1. Widerrufsrecht Sie haben das Recht, binnen vierzehn Tagen ohne Angabe von Gr\u00fcnden diesen Vertrag zu widerrufen.\" \/>\n<meta property=\"og:url\" content=\"https:\/\/geppi-kaffeemaschinen.ch\/fr\/retouren-und-rueckerstattungen\/\" \/>\n<meta property=\"og:site_name\" content=\"Geppi Kaffeemaschinen\" \/>\n<meta property=\"article:modified_time\" content=\"2024-08-09T11:47:10+00:00\" \/>\n<meta name=\"twitter:card\" content=\"summary_large_image\" \/>\n<meta name=\"twitter:label1\" content=\"Dur\u00e9e de lecture estim\u00e9e\" \/>\n\t<meta name=\"twitter:data1\" content=\"3 minutes\" \/>\n<script type=\"application\/ld+json\" class=\"yoast-schema-graph\">{\"@context\":\"https:\/\/schema.org\",\"@graph\":[{\"@type\":\"WebPage\",\"@id\":\"https:\/\/geppi-kaffeemaschinen.ch\/retouren-und-rueckerstattungen\/\",\"url\":\"https:\/\/geppi-kaffeemaschinen.ch\/retouren-und-rueckerstattungen\/\",\"name\":\"Retouren und R\u00fcckerstattungen - Geppi Kaffeemaschinen\",\"isPartOf\":{\"@id\":\"https:\/\/geppi-kaffeemaschinen.ch\/fr\/#website\"},\"datePublished\":\"2024-07-04T14:45:48+00:00\",\"dateModified\":\"2024-08-09T11:47:10+00:00\",\"breadcrumb\":{\"@id\":\"https:\/\/geppi-kaffeemaschinen.ch\/retouren-und-rueckerstattungen\/#breadcrumb\"},\"inLanguage\":\"fr-FR\",\"potentialAction\":[{\"@type\":\"ReadAction\",\"target\":[\"https:\/\/geppi-kaffeemaschinen.ch\/retouren-und-rueckerstattungen\/\"]}]},{\"@type\":\"BreadcrumbList\",\"@id\":\"https:\/\/geppi-kaffeemaschinen.ch\/retouren-und-rueckerstattungen\/#breadcrumb\",\"itemListElement\":[{\"@type\":\"ListItem\",\"position\":1,\"name\":\"Startseite\",\"item\":\"https:\/\/geppi-kaffeemaschinen.ch\/\"},{\"@type\":\"ListItem\",\"position\":2,\"name\":\"Retouren und R\u00fcckerstattungen\"}]},{\"@type\":\"WebSite\",\"@id\":\"https:\/\/geppi-kaffeemaschinen.ch\/fr\/#website\",\"url\":\"https:\/\/geppi-kaffeemaschinen.ch\/fr\/\",\"name\":\"Geppi Kaffeemaschinen\",\"description\":\"\",\"publisher\":{\"@id\":\"https:\/\/geppi-kaffeemaschinen.ch\/fr\/#organization\"},\"potentialAction\":[{\"@type\":\"SearchAction\",\"target\":{\"@type\":\"EntryPoint\",\"urlTemplate\":\"https:\/\/geppi-kaffeemaschinen.ch\/fr\/?s={search_term_string}\"},\"query-input\":{\"@type\":\"PropertyValueSpecification\",\"valueRequired\":true,\"valueName\":\"search_term_string\"}}],\"inLanguage\":\"fr-FR\"},{\"@type\":\"Organization\",\"@id\":\"https:\/\/geppi-kaffeemaschinen.ch\/fr\/#organization\",\"name\":\"Geppi Kaffeemaschinen\",\"url\":\"https:\/\/geppi-kaffeemaschinen.ch\/fr\/\",\"logo\":{\"@type\":\"ImageObject\",\"inLanguage\":\"fr-FR\",\"@id\":\"https:\/\/geppi-kaffeemaschinen.ch\/fr\/#\/schema\/logo\/image\/\",\"url\":\"https:\/\/geppi-kaffeemaschinen.ch\/wp-content\/uploads\/2021\/08\/logo-scaled_prev_ui.png\",\"contentUrl\":\"https:\/\/geppi-kaffeemaschinen.ch\/wp-content\/uploads\/2021\/08\/logo-scaled_prev_ui.png\",\"width\":500,\"height\":500,\"caption\":\"Geppi Kaffeemaschinen\"},\"image\":{\"@id\":\"https:\/\/geppi-kaffeemaschinen.ch\/fr\/#\/schema\/logo\/image\/\"}}]}<\/script>\n<!-- \/ Yoast SEO plugin. -->","yoast_head_json":{"title":"Retouren und R\u00fcckerstattungen - Geppi Kaffeemaschinen","robots":{"index":"noindex","follow":"nofollow"},"og_locale":"fr_FR","og_type":"article","og_title":"Retouren und R\u00fcckerstattungen - Geppi Kaffeemaschinen","og_description":"Retouren und R\u00fcckerstattungen 1. Widerrufsrecht Sie haben das Recht, binnen vierzehn Tagen ohne Angabe von Gr\u00fcnden diesen Vertrag zu widerrufen.","og_url":"https:\/\/geppi-kaffeemaschinen.ch\/fr\/retouren-und-rueckerstattungen\/","og_site_name":"Geppi Kaffeemaschinen","article_modified_time":"2024-08-09T11:47:10+00:00","twitter_card":"summary_large_image","twitter_misc":{"Dur\u00e9e de lecture estim\u00e9e":"3 minutes"},"schema":{"@context":"https:\/\/schema.org","@graph":[{"@type":"WebPage","@id":"https:\/\/geppi-kaffeemaschinen.ch\/retouren-und-rueckerstattungen\/","url":"https:\/\/geppi-kaffeemaschinen.ch\/retouren-und-rueckerstattungen\/","name":"Retouren und R\u00fcckerstattungen - Geppi Kaffeemaschinen","isPartOf":{"@id":"https:\/\/geppi-kaffeemaschinen.ch\/fr\/#website"},"datePublished":"2024-07-04T14:45:48+00:00","dateModified":"2024-08-09T11:47:10+00:00","breadcrumb":{"@id":"https:\/\/geppi-kaffeemaschinen.ch\/retouren-und-rueckerstattungen\/#breadcrumb"},"inLanguage":"fr-FR","potentialAction":[{"@type":"ReadAction","target":["https:\/\/geppi-kaffeemaschinen.ch\/retouren-und-rueckerstattungen\/"]}]},{"@type":"BreadcrumbList","@id":"https:\/\/geppi-kaffeemaschinen.ch\/retouren-und-rueckerstattungen\/#breadcrumb","itemListElement":[{"@type":"ListItem","position":1,"name":"Startseite","item":"https:\/\/geppi-kaffeemaschinen.ch\/"},{"@type":"ListItem","position":2,"name":"Retouren und R\u00fcckerstattungen"}]},{"@type":"WebSite","@id":"https:\/\/geppi-kaffeemaschinen.ch\/fr\/#website","url":"https:\/\/geppi-kaffeemaschinen.ch\/fr\/","name":"Machines \u00e0 caf\u00e9 Geppi","description":"","publisher":{"@id":"https:\/\/geppi-kaffeemaschinen.ch\/fr\/#organization"},"potentialAction":[{"@type":"SearchAction","target":{"@type":"EntryPoint","urlTemplate":"https:\/\/geppi-kaffeemaschinen.ch\/fr\/?s={search_term_string}"},"query-input":{"@type":"PropertyValueSpecification","valueRequired":true,"valueName":"search_term_string"}}],"inLanguage":"fr-FR"},{"@type":"Organization","@id":"https:\/\/geppi-kaffeemaschinen.ch\/fr\/#organization","name":"Machines \u00e0 caf\u00e9 Geppi","url":"https:\/\/geppi-kaffeemaschinen.ch\/fr\/","logo":{"@type":"ImageObject","inLanguage":"fr-FR","@id":"https:\/\/geppi-kaffeemaschinen.ch\/fr\/#\/schema\/logo\/image\/","url":"https:\/\/geppi-kaffeemaschinen.ch\/wp-content\/uploads\/2021\/08\/logo-scaled_prev_ui.png","contentUrl":"https:\/\/geppi-kaffeemaschinen.ch\/wp-content\/uploads\/2021\/08\/logo-scaled_prev_ui.png","width":500,"height":500,"caption":"Geppi Kaffeemaschinen"},"image":{"@id":"https:\/\/geppi-kaffeemaschinen.ch\/fr\/#\/schema\/logo\/image\/"}}]}},"_links":{"self":[{"href":"https:\/\/geppi-kaffeemaschinen.ch\/fr\/wp-json\/wp\/v2\/pages\/17327","targetHints":{"allow":["GET"]}}],"collection":[{"href":"https:\/\/geppi-kaffeemaschinen.ch\/fr\/wp-json\/wp\/v2\/pages"}],"about":[{"href":"https:\/\/geppi-kaffeemaschinen.ch\/fr\/wp-json\/wp\/v2\/types\/page"}],"author":[{"embeddable":true,"href":"https:\/\/geppi-kaffeemaschinen.ch\/fr\/wp-json\/wp\/v2\/users\/1"}],"replies":[{"embeddable":true,"href":"https:\/\/geppi-kaffeemaschinen.ch\/fr\/wp-json\/wp\/v2\/comments?post=17327"}],"version-history":[{"count":7,"href":"https:\/\/geppi-kaffeemaschinen.ch\/fr\/wp-json\/wp\/v2\/pages\/17327\/revisions"}],"predecessor-version":[{"id":17450,"href":"https:\/\/geppi-kaffeemaschinen.ch\/fr\/wp-json\/wp\/v2\/pages\/17327\/revisions\/17450"}],"wp:attachment":[{"href":"https:\/\/geppi-kaffeemaschinen.ch\/fr\/wp-json\/wp\/v2\/media?parent=17327"}],"curies":[{"name":"wp","href":"https:\/\/api.w.org\/{rel}","templated":true}]}}