{"id":16073,"date":"2024-04-19T15:55:16","date_gmt":"2024-04-19T15:55:16","guid":{"rendered":"https:\/\/geppi-kaffeemaschinen.ch\/?post_type=product&#038;p=16073"},"modified":"2025-08-03T10:25:14","modified_gmt":"2025-08-03T08:25:14","slug":"jura-filterpatrone-claris-blue-einzelpatrone","status":"publish","type":"product","link":"https:\/\/geppi-kaffeemaschinen.ch\/fr\/produit\/jura-filterpatrone-claris-blue-einzelpatrone\/","title":{"rendered":"Jura cartouche filtrante CLARIS Blue+ 3 pi\u00e8ces"},"content":{"rendered":"<div class=\"special-container\">\n<div class=\"product-detail-tabs product-detail-cross-selling\">\n<div class=\"card card-tabs\" data-cross-selling=\"true\">\n<div class=\"card-header product-detail-tab-navigation product-cross-selling-tab-navigation\">\n<p>La cartouche filtrante Jura CLARIS Blue+ assure une qualit\u00e9 d&#039;eau optimale dans vos machines \u00e0 caf\u00e9 et garantit un ar\u00f4me de caf\u00e9 incomparable. La technologie de filtre innovante \u00e9limine efficacement les polluants tout en conservant les min\u00e9raux pr\u00e9cieux. Chaque pack contient 3 cartouches filtrantes sp\u00e9cialement con\u00e7ues pour les machines \u00e0 caf\u00e9 Jura.<\/p>\n<p>Caract\u00e9ristiques du produit :<\/p>\n<p>\u2013 <strong>Contenu:<\/strong> 3 pi\u00e8ces<br \/>\n\u2013 <strong>Compatibilit\u00e9:<\/strong> Convient \u00e0 toutes les machines \u00e0 caf\u00e9 Jura fonctionnant avec les filtres CLARIS Blue+<br \/>\n\u2013 <strong>Filtration efficace :<\/strong> \u00c9limine de mani\u00e8re fiable le calcaire, le chlore et autres impuret\u00e9s<br \/>\n\u2013 <strong>Qualit\u00e9 de l&#039;eau am\u00e9lior\u00e9e\u00a0:<\/strong> Assure une eau pure et am\u00e9liore le go\u00fbt du caf\u00e9<br \/>\n\u2013 <strong>Dur\u00e9e de vie plus longue :<\/strong> Prot\u00e8ge votre machine des d\u00e9p\u00f4ts de calcaire et prolonge sa dur\u00e9e de vie<br \/>\n\u2013 <strong>\u00c9change facile :<\/strong> Facile \u00e0 ins\u00e9rer et \u00e0 remplacer<\/p>\n<p><strong>Description:<\/strong><br \/>\nLa cartouche filtrante Jura CLARIS Blue+ est la solution id\u00e9ale pour am\u00e9liorer la qualit\u00e9 de votre caf\u00e9 et prot\u00e9ger votre machine \u00e0 caf\u00e9. Les cartouches filtrantes \u00e9liminent le calcaire, le chlore et autres substances nocives de l&#039;eau sans affecter les pr\u00e9cieux min\u00e9raux. Cela donne un meilleur go\u00fbt au caf\u00e9 et prot\u00e8ge en m\u00eame temps votre machine des d\u00e9p\u00f4ts de calcaire.<\/p>\n<p>En utilisant les cartouches filtrantes Jura CLARIS Blue+, vous vous assurez que votre caf\u00e9 est toujours compos\u00e9 d&#039;eau pure, ce qui fait ressortir au mieux les ar\u00f4mes. Le remplacement r\u00e9gulier des filtres garantit que votre machine fonctionne toujours correctement et prolonge sa dur\u00e9e de vie.<\/p>\n<p>Profitez de votre caf\u00e9 de la meilleure qualit\u00e9 avec les cartouches filtrantes Jura CLARIS Blue+.<\/p>\n<\/div>\n<\/div>\n<\/div>\n<\/div>","protected":false},"excerpt":{"rendered":"<ul>\n<li>Pack de 3 cartouches filtrantes Jura CLARIS Blue+<\/li>\n<li>Pour une qualit\u00e9 d&#039;eau optimale et le meilleur go\u00fbt du caf\u00e9<\/li>\n<li>Convient \u00e0 toutes les machines Jura avec filtre CLARIS Blue+<\/li>\n<li>\u00c9limine le calcaire, le chlore et les impuret\u00e9s<\/li>\n<li>Am\u00e9liore la dur\u00e9e de vie de votre machine<\/li>\n<\/ul>","protected":false},"featured_media":17206,"comment_status":"open","ping_status":"closed","template":"","meta":[],"product_brand":[],"product_cat":[28],"product_tag":[],"class_list":{"0":"post-16073","1":"product","2":"type-product","3":"status-publish","4":"has-post-thumbnail","6":"product_cat-pflegeprodukte","8":"first","9":"instock","10":"shipping-taxable","11":"purchasable","12":"product-type-simple"},"yoast_head":"<!-- This site is optimized with the Yoast SEO plugin v25.1 - https:\/\/yoast.com\/wordpress\/plugins\/seo\/ -->\n<title>Jura Filterpatrone CLARIS Blue+ 3 St\u00fcck - Geppi Kaffeemaschinen<\/title>\n<meta name=\"description\" content=\"Die JURA Filterpatrone CLARIS Blue+ (3 St\u00fcck) bietet optimale Wasserqualit\u00e4t f\u00fcr Ihre Kaffeemaschine und sorgt f\u00fcr ein unvergleichliches Kaffeearoma.\" \/>\n<meta name=\"robots\" content=\"index, follow, max-snippet:-1, max-image-preview:large, max-video-preview:-1\" \/>\n<link rel=\"canonical\" href=\"https:\/\/geppi-kaffeemaschinen.ch\/fr\/produit\/jura-filterpatrone-claris-blue-einzelpatrone\/\" \/>\n<meta property=\"og:locale\" content=\"fr_FR\" \/>\n<meta property=\"og:type\" content=\"article\" \/>\n<meta property=\"og:title\" content=\"Jura Filterpatrone CLARIS Blue+ 3 St\u00fcck - Geppi Kaffeemaschinen\" \/>\n<meta property=\"og:description\" content=\"Die JURA Filterpatrone CLARIS Blue+ (3 St\u00fcck) bietet optimale Wasserqualit\u00e4t f\u00fcr Ihre Kaffeemaschine und sorgt f\u00fcr ein unvergleichliches Kaffeearoma.\" \/>\n<meta property=\"og:url\" content=\"https:\/\/geppi-kaffeemaschinen.ch\/fr\/produit\/jura-filterpatrone-claris-blue-einzelpatrone\/\" \/>\n<meta property=\"og:site_name\" content=\"Geppi Kaffeemaschinen\" \/>\n<meta property=\"article:modified_time\" content=\"2025-08-03T08:25:14+00:00\" \/>\n<meta property=\"og:image\" content=\"https:\/\/geppi-kaffeemaschinen.ch\/wp-content\/uploads\/2024\/04\/claris_blue_plus_overview_3pc.jpg\" \/>\n\t<meta property=\"og:image:width\" content=\"1000\" \/>\n\t<meta property=\"og:image:height\" content=\"751\" \/>\n\t<meta property=\"og:image:type\" content=\"image\/jpeg\" \/>\n<meta name=\"twitter:card\" content=\"summary_large_image\" \/>\n<meta name=\"twitter:label1\" content=\"Dur\u00e9e de lecture estim\u00e9e\" \/>\n\t<meta name=\"twitter:data1\" content=\"2 minutes\" \/>\n<script type=\"application\/ld+json\" class=\"yoast-schema-graph\">{\"@context\":\"https:\/\/schema.org\",\"@graph\":[{\"@type\":\"WebPage\",\"@id\":\"https:\/\/geppi-kaffeemaschinen.ch\/produkt\/jura-filterpatrone-claris-blue-einzelpatrone\/\",\"url\":\"https:\/\/geppi-kaffeemaschinen.ch\/produkt\/jura-filterpatrone-claris-blue-einzelpatrone\/\",\"name\":\"Jura Filterpatrone CLARIS Blue+ 3 St\u00fcck - Geppi Kaffeemaschinen\",\"isPartOf\":{\"@id\":\"https:\/\/geppi-kaffeemaschinen.ch\/fr\/#website\"},\"primaryImageOfPage\":{\"@id\":\"https:\/\/geppi-kaffeemaschinen.ch\/produkt\/jura-filterpatrone-claris-blue-einzelpatrone\/#primaryimage\"},\"image\":{\"@id\":\"https:\/\/geppi-kaffeemaschinen.ch\/produkt\/jura-filterpatrone-claris-blue-einzelpatrone\/#primaryimage\"},\"thumbnailUrl\":\"https:\/\/geppi-kaffeemaschinen.ch\/wp-content\/uploads\/2024\/04\/claris_blue_plus_overview_3pc.jpg\",\"datePublished\":\"2024-04-19T15:55:16+00:00\",\"dateModified\":\"2025-08-03T08:25:14+00:00\",\"description\":\"Die JURA Filterpatrone CLARIS Blue+ (3 St\u00fcck) bietet optimale Wasserqualit\u00e4t f\u00fcr Ihre Kaffeemaschine und sorgt f\u00fcr ein unvergleichliches Kaffeearoma.\",\"breadcrumb\":{\"@id\":\"https:\/\/geppi-kaffeemaschinen.ch\/produkt\/jura-filterpatrone-claris-blue-einzelpatrone\/#breadcrumb\"},\"inLanguage\":\"fr-FR\",\"potentialAction\":[{\"@type\":\"ReadAction\",\"target\":[\"https:\/\/geppi-kaffeemaschinen.ch\/produkt\/jura-filterpatrone-claris-blue-einzelpatrone\/\"]}]},{\"@type\":\"ImageObject\",\"inLanguage\":\"fr-FR\",\"@id\":\"https:\/\/geppi-kaffeemaschinen.ch\/produkt\/jura-filterpatrone-claris-blue-einzelpatrone\/#primaryimage\",\"url\":\"https:\/\/geppi-kaffeemaschinen.ch\/wp-content\/uploads\/2024\/04\/claris_blue_plus_overview_3pc.jpg\",\"contentUrl\":\"https:\/\/geppi-kaffeemaschinen.ch\/wp-content\/uploads\/2024\/04\/claris_blue_plus_overview_3pc.jpg\",\"width\":1000,\"height\":751},{\"@type\":\"BreadcrumbList\",\"@id\":\"https:\/\/geppi-kaffeemaschinen.ch\/produkt\/jura-filterpatrone-claris-blue-einzelpatrone\/#breadcrumb\",\"itemListElement\":[{\"@type\":\"ListItem\",\"position\":1,\"name\":\"Startseite\",\"item\":\"https:\/\/geppi-kaffeemaschinen.ch\/\"},{\"@type\":\"ListItem\",\"position\":2,\"name\":\"Shop\",\"item\":\"https:\/\/geppi-kaffeemaschinen.ch\/shop\/\"},{\"@type\":\"ListItem\",\"position\":3,\"name\":\"Jura Filterpatrone CLARIS Blue+ 3 St\u00fcck\"}]},{\"@type\":\"WebSite\",\"@id\":\"https:\/\/geppi-kaffeemaschinen.ch\/fr\/#website\",\"url\":\"https:\/\/geppi-kaffeemaschinen.ch\/fr\/\",\"name\":\"Geppi Kaffeemaschinen\",\"description\":\"\",\"publisher\":{\"@id\":\"https:\/\/geppi-kaffeemaschinen.ch\/fr\/#organization\"},\"potentialAction\":[{\"@type\":\"SearchAction\",\"target\":{\"@type\":\"EntryPoint\",\"urlTemplate\":\"https:\/\/geppi-kaffeemaschinen.ch\/fr\/?s={search_term_string}\"},\"query-input\":{\"@type\":\"PropertyValueSpecification\",\"valueRequired\":true,\"valueName\":\"search_term_string\"}}],\"inLanguage\":\"fr-FR\"},{\"@type\":\"Organization\",\"@id\":\"https:\/\/geppi-kaffeemaschinen.ch\/fr\/#organization\",\"name\":\"Geppi Kaffeemaschinen\",\"url\":\"https:\/\/geppi-kaffeemaschinen.ch\/fr\/\",\"logo\":{\"@type\":\"ImageObject\",\"inLanguage\":\"fr-FR\",\"@id\":\"https:\/\/geppi-kaffeemaschinen.ch\/fr\/#\/schema\/logo\/image\/\",\"url\":\"https:\/\/geppi-kaffeemaschinen.ch\/wp-content\/uploads\/2021\/08\/logo-scaled_prev_ui.png\",\"contentUrl\":\"https:\/\/geppi-kaffeemaschinen.ch\/wp-content\/uploads\/2021\/08\/logo-scaled_prev_ui.png\",\"width\":500,\"height\":500,\"caption\":\"Geppi Kaffeemaschinen\"},\"image\":{\"@id\":\"https:\/\/geppi-kaffeemaschinen.ch\/fr\/#\/schema\/logo\/image\/\"}}]}<\/script>\n<!-- \/ Yoast SEO plugin. -->","yoast_head_json":{"title":"Jura Filterpatrone CLARIS Blue+ 3 St\u00fcck - Geppi Kaffeemaschinen","description":"Die JURA Filterpatrone CLARIS Blue+ (3 St\u00fcck) bietet optimale Wasserqualit\u00e4t f\u00fcr Ihre Kaffeemaschine und sorgt f\u00fcr ein unvergleichliches Kaffeearoma.","robots":{"index":"index","follow":"follow","max-snippet":"max-snippet:-1","max-image-preview":"max-image-preview:large","max-video-preview":"max-video-preview:-1"},"canonical":"https:\/\/geppi-kaffeemaschinen.ch\/fr\/produit\/jura-filterpatrone-claris-blue-einzelpatrone\/","og_locale":"fr_FR","og_type":"article","og_title":"Jura Filterpatrone CLARIS Blue+ 3 St\u00fcck - Geppi Kaffeemaschinen","og_description":"Die JURA Filterpatrone CLARIS Blue+ (3 St\u00fcck) bietet optimale Wasserqualit\u00e4t f\u00fcr Ihre Kaffeemaschine und sorgt f\u00fcr ein unvergleichliches Kaffeearoma.","og_url":"https:\/\/geppi-kaffeemaschinen.ch\/fr\/produit\/jura-filterpatrone-claris-blue-einzelpatrone\/","og_site_name":"Geppi Kaffeemaschinen","article_modified_time":"2025-08-03T08:25:14+00:00","og_image":[{"width":1000,"height":751,"url":"https:\/\/geppi-kaffeemaschinen.ch\/wp-content\/uploads\/2024\/04\/claris_blue_plus_overview_3pc.jpg","type":"image\/jpeg"}],"twitter_card":"summary_large_image","twitter_misc":{"Dur\u00e9e de lecture estim\u00e9e":"2 minutes"},"schema":{"@context":"https:\/\/schema.org","@graph":[{"@type":"WebPage","@id":"https:\/\/geppi-kaffeemaschinen.ch\/produkt\/jura-filterpatrone-claris-blue-einzelpatrone\/","url":"https:\/\/geppi-kaffeemaschinen.ch\/produkt\/jura-filterpatrone-claris-blue-einzelpatrone\/","name":"Jura Filterpatrone CLARIS Blue+ 3 St\u00fcck - Geppi Kaffeemaschinen","isPartOf":{"@id":"https:\/\/geppi-kaffeemaschinen.ch\/fr\/#website"},"primaryImageOfPage":{"@id":"https:\/\/geppi-kaffeemaschinen.ch\/produkt\/jura-filterpatrone-claris-blue-einzelpatrone\/#primaryimage"},"image":{"@id":"https:\/\/geppi-kaffeemaschinen.ch\/produkt\/jura-filterpatrone-claris-blue-einzelpatrone\/#primaryimage"},"thumbnailUrl":"https:\/\/geppi-kaffeemaschinen.ch\/wp-content\/uploads\/2024\/04\/claris_blue_plus_overview_3pc.jpg","datePublished":"2024-04-19T15:55:16+00:00","dateModified":"2025-08-03T08:25:14+00:00","description":"Die JURA Filterpatrone CLARIS Blue+ (3 St\u00fcck) bietet optimale Wasserqualit\u00e4t f\u00fcr Ihre Kaffeemaschine und sorgt f\u00fcr ein unvergleichliches Kaffeearoma.","breadcrumb":{"@id":"https:\/\/geppi-kaffeemaschinen.ch\/produkt\/jura-filterpatrone-claris-blue-einzelpatrone\/#breadcrumb"},"inLanguage":"fr-FR","potentialAction":[{"@type":"ReadAction","target":["https:\/\/geppi-kaffeemaschinen.ch\/produkt\/jura-filterpatrone-claris-blue-einzelpatrone\/"]}]},{"@type":"ImageObject","inLanguage":"fr-FR","@id":"https:\/\/geppi-kaffeemaschinen.ch\/produkt\/jura-filterpatrone-claris-blue-einzelpatrone\/#primaryimage","url":"https:\/\/geppi-kaffeemaschinen.ch\/wp-content\/uploads\/2024\/04\/claris_blue_plus_overview_3pc.jpg","contentUrl":"https:\/\/geppi-kaffeemaschinen.ch\/wp-content\/uploads\/2024\/04\/claris_blue_plus_overview_3pc.jpg","width":1000,"height":751},{"@type":"BreadcrumbList","@id":"https:\/\/geppi-kaffeemaschinen.ch\/produkt\/jura-filterpatrone-claris-blue-einzelpatrone\/#breadcrumb","itemListElement":[{"@type":"ListItem","position":1,"name":"Startseite","item":"https:\/\/geppi-kaffeemaschinen.ch\/"},{"@type":"ListItem","position":2,"name":"Shop","item":"https:\/\/geppi-kaffeemaschinen.ch\/shop\/"},{"@type":"ListItem","position":3,"name":"Jura Filterpatrone CLARIS Blue+ 3 St\u00fcck"}]},{"@type":"WebSite","@id":"https:\/\/geppi-kaffeemaschinen.ch\/fr\/#website","url":"https:\/\/geppi-kaffeemaschinen.ch\/fr\/","name":"Machines \u00e0 caf\u00e9 Geppi","description":"","publisher":{"@id":"https:\/\/geppi-kaffeemaschinen.ch\/fr\/#organization"},"potentialAction":[{"@type":"SearchAction","target":{"@type":"EntryPoint","urlTemplate":"https:\/\/geppi-kaffeemaschinen.ch\/fr\/?s={search_term_string}"},"query-input":{"@type":"PropertyValueSpecification","valueRequired":true,"valueName":"search_term_string"}}],"inLanguage":"fr-FR"},{"@type":"Organization","@id":"https:\/\/geppi-kaffeemaschinen.ch\/fr\/#organization","name":"Machines \u00e0 caf\u00e9 Geppi","url":"https:\/\/geppi-kaffeemaschinen.ch\/fr\/","logo":{"@type":"ImageObject","inLanguage":"fr-FR","@id":"https:\/\/geppi-kaffeemaschinen.ch\/fr\/#\/schema\/logo\/image\/","url":"https:\/\/geppi-kaffeemaschinen.ch\/wp-content\/uploads\/2021\/08\/logo-scaled_prev_ui.png","contentUrl":"https:\/\/geppi-kaffeemaschinen.ch\/wp-content\/uploads\/2021\/08\/logo-scaled_prev_ui.png","width":500,"height":500,"caption":"Geppi Kaffeemaschinen"},"image":{"@id":"https:\/\/geppi-kaffeemaschinen.ch\/fr\/#\/schema\/logo\/image\/"}}]}},"_links":{"self":[{"href":"https:\/\/geppi-kaffeemaschinen.ch\/fr\/wp-json\/wp\/v2\/product\/16073","targetHints":{"allow":["GET"]}}],"collection":[{"href":"https:\/\/geppi-kaffeemaschinen.ch\/fr\/wp-json\/wp\/v2\/product"}],"about":[{"href":"https:\/\/geppi-kaffeemaschinen.ch\/fr\/wp-json\/wp\/v2\/types\/product"}],"replies":[{"embeddable":true,"href":"https:\/\/geppi-kaffeemaschinen.ch\/fr\/wp-json\/wp\/v2\/comments?post=16073"}],"version-history":[{"count":4,"href":"https:\/\/geppi-kaffeemaschinen.ch\/fr\/wp-json\/wp\/v2\/product\/16073\/revisions"}],"predecessor-version":[{"id":17208,"href":"https:\/\/geppi-kaffeemaschinen.ch\/fr\/wp-json\/wp\/v2\/product\/16073\/revisions\/17208"}],"wp:featuredmedia":[{"embeddable":true,"href":"https:\/\/geppi-kaffeemaschinen.ch\/fr\/wp-json\/wp\/v2\/media\/17206"}],"wp:attachment":[{"href":"https:\/\/geppi-kaffeemaschinen.ch\/fr\/wp-json\/wp\/v2\/media?parent=16073"}],"wp:term":[{"taxonomy":"product_brand","embeddable":true,"href":"https:\/\/geppi-kaffeemaschinen.ch\/fr\/wp-json\/wp\/v2\/product_brand?post=16073"},{"taxonomy":"product_cat","embeddable":true,"href":"https:\/\/geppi-kaffeemaschinen.ch\/fr\/wp-json\/wp\/v2\/product_cat?post=16073"},{"taxonomy":"product_tag","embeddable":true,"href":"https:\/\/geppi-kaffeemaschinen.ch\/fr\/wp-json\/wp\/v2\/product_tag?post=16073"}],"curies":[{"name":"wp","href":"https:\/\/api.w.org\/{rel}","templated":true}]}}