{"id":17166,"date":"2024-06-12T10:51:19","date_gmt":"2024-06-12T10:51:19","guid":{"rendered":"https:\/\/geppi-kaffeemaschinen.ch\/?post_type=product&#038;p=17166"},"modified":"2025-01-30T14:30:38","modified_gmt":"2025-01-30T13:30:38","slug":"rosca-brazil","status":"publish","type":"product","link":"https:\/\/geppi-kaffeemaschinen.ch\/fr\/produit\/rosca-brazil\/","title":{"rendered":"Rosca Br\u00e9sil"},"content":{"rendered":"<p>D\u00e9couvrez le go\u00fbt riche et cors\u00e9 des grains de caf\u00e9 Rosca Brazil. Ces grains proviennent des meilleures r\u00e9gions productrices du Br\u00e9sil et offrent un ar\u00f4me distinctif.<\/p>\n<p><strong>Go\u00fbt:<\/strong> n \/ A<\/p>\n<p>Parfaits pour tout type de pr\u00e9paration de caf\u00e9, ces grains offrent une exp\u00e9rience gustative harmonieuse avec une acidit\u00e9 \u00e9quilibr\u00e9e et une note torr\u00e9fi\u00e9e intense en finale. Les grains sont fabriqu\u00e9s \u00e0 partir d&#039;Arabica 100% et sont id\u00e9aux pour l&#039;espresso, le cappuccino et le caf\u00e9 filtre.<\/p>\n<p>Pour de meilleurs r\u00e9sultats, broyez les grains imm\u00e9diatement avant l&#039;infusion et utilisez de l&#039;eau filtr\u00e9e. Conservez les haricots dans un endroit frais et sec pour pr\u00e9server leur fra\u00eecheur.<\/p>\n<p>Profitez des saveurs du Br\u00e9sil avec Rosca Brazil \u2013 votre choix parfait pour un d\u00e9licieux caf\u00e9.<\/p>","protected":false},"excerpt":{"rendered":"<ul>\n<li>Grains de caf\u00e9 entiers et torr\u00e9fi\u00e9s<\/li>\n<li>Plein de saveurs du Br\u00e9sil<\/li>\n<li>Contenu : 1 kg | 250g<\/li>\n<li>Avec une acidit\u00e9 \u00e9quilibr\u00e9e et une note torr\u00e9fi\u00e9e intense en finale<\/li>\n<li>Vari\u00e9t\u00e9 : 100% Arabica<\/li>\n<li>Id\u00e9al pour tous types de pr\u00e9paration<\/li>\n<\/ul>","protected":false},"featured_media":17245,"comment_status":"open","ping_status":"closed","template":"","meta":[],"product_brand":[],"product_cat":[29,86,112],"product_tag":[],"class_list":{"0":"post-17166","1":"product","2":"type-product","3":"status-publish","4":"has-post-thumbnail","6":"product_cat-kaffee","7":"product_cat-kaffeebohnen","8":"product_cat-rosca","10":"first","11":"instock","12":"shipping-taxable","13":"purchasable","14":"product-type-variable"},"yoast_head":"<!-- This site is optimized with the Yoast SEO plugin v25.1 - https:\/\/yoast.com\/wordpress\/plugins\/seo\/ -->\n<title>Rosca Brazil - Geppi Kaffeemaschinen<\/title>\n<meta name=\"description\" content=\"Entdecken Sie den reichen Geschmack der Rosca Brazil Kaffeebohnen aus Brasilien. 100% Arabica f\u00fcr Espresso, Cappuccino und Filterkaffee.\" \/>\n<meta name=\"robots\" content=\"index, follow, max-snippet:-1, max-image-preview:large, max-video-preview:-1\" \/>\n<link rel=\"canonical\" href=\"https:\/\/geppi-kaffeemaschinen.ch\/fr\/produit\/rosca-brazil\/\" \/>\n<meta property=\"og:locale\" content=\"fr_FR\" \/>\n<meta property=\"og:type\" content=\"article\" \/>\n<meta property=\"og:title\" content=\"Rosca Brazil - Geppi Kaffeemaschinen\" \/>\n<meta property=\"og:description\" content=\"Entdecken Sie den reichen Geschmack der Rosca Brazil Kaffeebohnen aus Brasilien. 100% Arabica f\u00fcr Espresso, Cappuccino und Filterkaffee.\" \/>\n<meta property=\"og:url\" content=\"https:\/\/geppi-kaffeemaschinen.ch\/fr\/produit\/rosca-brazil\/\" \/>\n<meta property=\"og:site_name\" content=\"Geppi Kaffeemaschinen\" \/>\n<meta property=\"article:modified_time\" content=\"2025-01-30T13:30:38+00:00\" \/>\n<meta property=\"og:image\" content=\"https:\/\/geppi-kaffeemaschinen.ch\/wp-content\/uploads\/2024\/06\/4-ezgif.com-png-to-webp-converter-3-scaled.webp\" \/>\n\t<meta property=\"og:image:width\" content=\"2241\" \/>\n\t<meta property=\"og:image:height\" content=\"2560\" \/>\n\t<meta property=\"og:image:type\" content=\"image\/webp\" \/>\n<meta name=\"twitter:card\" content=\"summary_large_image\" \/>\n<meta name=\"twitter:label1\" content=\"Dur\u00e9e de lecture estim\u00e9e\" \/>\n\t<meta name=\"twitter:data1\" content=\"1 minute\" \/>\n<script type=\"application\/ld+json\" class=\"yoast-schema-graph\">{\"@context\":\"https:\/\/schema.org\",\"@graph\":[{\"@type\":\"WebPage\",\"@id\":\"https:\/\/geppi-kaffeemaschinen.ch\/produkt\/rosca-brazil\/\",\"url\":\"https:\/\/geppi-kaffeemaschinen.ch\/produkt\/rosca-brazil\/\",\"name\":\"Rosca Brazil - Geppi Kaffeemaschinen\",\"isPartOf\":{\"@id\":\"https:\/\/geppi-kaffeemaschinen.ch\/fr\/#website\"},\"primaryImageOfPage\":{\"@id\":\"https:\/\/geppi-kaffeemaschinen.ch\/produkt\/rosca-brazil\/#primaryimage\"},\"image\":{\"@id\":\"https:\/\/geppi-kaffeemaschinen.ch\/produkt\/rosca-brazil\/#primaryimage\"},\"thumbnailUrl\":\"https:\/\/geppi-kaffeemaschinen.ch\/wp-content\/uploads\/2024\/06\/4-ezgif.com-png-to-webp-converter-3-scaled.webp\",\"datePublished\":\"2024-06-12T10:51:19+00:00\",\"dateModified\":\"2025-01-30T13:30:38+00:00\",\"description\":\"Entdecken Sie den reichen Geschmack der Rosca Brazil Kaffeebohnen aus Brasilien. 100% Arabica f\u00fcr Espresso, Cappuccino und Filterkaffee.\",\"breadcrumb\":{\"@id\":\"https:\/\/geppi-kaffeemaschinen.ch\/produkt\/rosca-brazil\/#breadcrumb\"},\"inLanguage\":\"fr-FR\",\"potentialAction\":[{\"@type\":\"ReadAction\",\"target\":[\"https:\/\/geppi-kaffeemaschinen.ch\/produkt\/rosca-brazil\/\"]}]},{\"@type\":\"ImageObject\",\"inLanguage\":\"fr-FR\",\"@id\":\"https:\/\/geppi-kaffeemaschinen.ch\/produkt\/rosca-brazil\/#primaryimage\",\"url\":\"https:\/\/geppi-kaffeemaschinen.ch\/wp-content\/uploads\/2024\/06\/4-ezgif.com-png-to-webp-converter-3-scaled.webp\",\"contentUrl\":\"https:\/\/geppi-kaffeemaschinen.ch\/wp-content\/uploads\/2024\/06\/4-ezgif.com-png-to-webp-converter-3-scaled.webp\",\"width\":2241,\"height\":2560},{\"@type\":\"BreadcrumbList\",\"@id\":\"https:\/\/geppi-kaffeemaschinen.ch\/produkt\/rosca-brazil\/#breadcrumb\",\"itemListElement\":[{\"@type\":\"ListItem\",\"position\":1,\"name\":\"Startseite\",\"item\":\"https:\/\/geppi-kaffeemaschinen.ch\/\"},{\"@type\":\"ListItem\",\"position\":2,\"name\":\"Shop\",\"item\":\"https:\/\/geppi-kaffeemaschinen.ch\/shop\/\"},{\"@type\":\"ListItem\",\"position\":3,\"name\":\"Rosca Brazil\"}]},{\"@type\":\"WebSite\",\"@id\":\"https:\/\/geppi-kaffeemaschinen.ch\/fr\/#website\",\"url\":\"https:\/\/geppi-kaffeemaschinen.ch\/fr\/\",\"name\":\"Geppi Kaffeemaschinen\",\"description\":\"\",\"publisher\":{\"@id\":\"https:\/\/geppi-kaffeemaschinen.ch\/fr\/#organization\"},\"potentialAction\":[{\"@type\":\"SearchAction\",\"target\":{\"@type\":\"EntryPoint\",\"urlTemplate\":\"https:\/\/geppi-kaffeemaschinen.ch\/fr\/?s={search_term_string}\"},\"query-input\":{\"@type\":\"PropertyValueSpecification\",\"valueRequired\":true,\"valueName\":\"search_term_string\"}}],\"inLanguage\":\"fr-FR\"},{\"@type\":\"Organization\",\"@id\":\"https:\/\/geppi-kaffeemaschinen.ch\/fr\/#organization\",\"name\":\"Geppi Kaffeemaschinen\",\"url\":\"https:\/\/geppi-kaffeemaschinen.ch\/fr\/\",\"logo\":{\"@type\":\"ImageObject\",\"inLanguage\":\"fr-FR\",\"@id\":\"https:\/\/geppi-kaffeemaschinen.ch\/fr\/#\/schema\/logo\/image\/\",\"url\":\"https:\/\/geppi-kaffeemaschinen.ch\/wp-content\/uploads\/2021\/08\/logo-scaled_prev_ui.png\",\"contentUrl\":\"https:\/\/geppi-kaffeemaschinen.ch\/wp-content\/uploads\/2021\/08\/logo-scaled_prev_ui.png\",\"width\":500,\"height\":500,\"caption\":\"Geppi Kaffeemaschinen\"},\"image\":{\"@id\":\"https:\/\/geppi-kaffeemaschinen.ch\/fr\/#\/schema\/logo\/image\/\"}}]}<\/script>\n<!-- \/ Yoast SEO plugin. -->","yoast_head_json":{"title":"Rosca Brazil - Geppi Kaffeemaschinen","description":"Entdecken Sie den reichen Geschmack der Rosca Brazil Kaffeebohnen aus Brasilien. 100% Arabica f\u00fcr Espresso, Cappuccino und Filterkaffee.","robots":{"index":"index","follow":"follow","max-snippet":"max-snippet:-1","max-image-preview":"max-image-preview:large","max-video-preview":"max-video-preview:-1"},"canonical":"https:\/\/geppi-kaffeemaschinen.ch\/fr\/produit\/rosca-brazil\/","og_locale":"fr_FR","og_type":"article","og_title":"Rosca Brazil - Geppi Kaffeemaschinen","og_description":"Entdecken Sie den reichen Geschmack der Rosca Brazil Kaffeebohnen aus Brasilien. 100% Arabica f\u00fcr Espresso, Cappuccino und Filterkaffee.","og_url":"https:\/\/geppi-kaffeemaschinen.ch\/fr\/produit\/rosca-brazil\/","og_site_name":"Geppi Kaffeemaschinen","article_modified_time":"2025-01-30T13:30:38+00:00","og_image":[{"width":2241,"height":2560,"url":"https:\/\/geppi-kaffeemaschinen.ch\/wp-content\/uploads\/2024\/06\/4-ezgif.com-png-to-webp-converter-3-scaled.webp","type":"image\/webp"}],"twitter_card":"summary_large_image","twitter_misc":{"Dur\u00e9e de lecture estim\u00e9e":"1 minute"},"schema":{"@context":"https:\/\/schema.org","@graph":[{"@type":"WebPage","@id":"https:\/\/geppi-kaffeemaschinen.ch\/produkt\/rosca-brazil\/","url":"https:\/\/geppi-kaffeemaschinen.ch\/produkt\/rosca-brazil\/","name":"Rosca Brazil - Geppi Kaffeemaschinen","isPartOf":{"@id":"https:\/\/geppi-kaffeemaschinen.ch\/fr\/#website"},"primaryImageOfPage":{"@id":"https:\/\/geppi-kaffeemaschinen.ch\/produkt\/rosca-brazil\/#primaryimage"},"image":{"@id":"https:\/\/geppi-kaffeemaschinen.ch\/produkt\/rosca-brazil\/#primaryimage"},"thumbnailUrl":"https:\/\/geppi-kaffeemaschinen.ch\/wp-content\/uploads\/2024\/06\/4-ezgif.com-png-to-webp-converter-3-scaled.webp","datePublished":"2024-06-12T10:51:19+00:00","dateModified":"2025-01-30T13:30:38+00:00","description":"Entdecken Sie den reichen Geschmack der Rosca Brazil Kaffeebohnen aus Brasilien. 100% Arabica f\u00fcr Espresso, Cappuccino und Filterkaffee.","breadcrumb":{"@id":"https:\/\/geppi-kaffeemaschinen.ch\/produkt\/rosca-brazil\/#breadcrumb"},"inLanguage":"fr-FR","potentialAction":[{"@type":"ReadAction","target":["https:\/\/geppi-kaffeemaschinen.ch\/produkt\/rosca-brazil\/"]}]},{"@type":"ImageObject","inLanguage":"fr-FR","@id":"https:\/\/geppi-kaffeemaschinen.ch\/produkt\/rosca-brazil\/#primaryimage","url":"https:\/\/geppi-kaffeemaschinen.ch\/wp-content\/uploads\/2024\/06\/4-ezgif.com-png-to-webp-converter-3-scaled.webp","contentUrl":"https:\/\/geppi-kaffeemaschinen.ch\/wp-content\/uploads\/2024\/06\/4-ezgif.com-png-to-webp-converter-3-scaled.webp","width":2241,"height":2560},{"@type":"BreadcrumbList","@id":"https:\/\/geppi-kaffeemaschinen.ch\/produkt\/rosca-brazil\/#breadcrumb","itemListElement":[{"@type":"ListItem","position":1,"name":"Startseite","item":"https:\/\/geppi-kaffeemaschinen.ch\/"},{"@type":"ListItem","position":2,"name":"Shop","item":"https:\/\/geppi-kaffeemaschinen.ch\/shop\/"},{"@type":"ListItem","position":3,"name":"Rosca Brazil"}]},{"@type":"WebSite","@id":"https:\/\/geppi-kaffeemaschinen.ch\/fr\/#website","url":"https:\/\/geppi-kaffeemaschinen.ch\/fr\/","name":"Machines \u00e0 caf\u00e9 Geppi","description":"","publisher":{"@id":"https:\/\/geppi-kaffeemaschinen.ch\/fr\/#organization"},"potentialAction":[{"@type":"SearchAction","target":{"@type":"EntryPoint","urlTemplate":"https:\/\/geppi-kaffeemaschinen.ch\/fr\/?s={search_term_string}"},"query-input":{"@type":"PropertyValueSpecification","valueRequired":true,"valueName":"search_term_string"}}],"inLanguage":"fr-FR"},{"@type":"Organization","@id":"https:\/\/geppi-kaffeemaschinen.ch\/fr\/#organization","name":"Machines \u00e0 caf\u00e9 Geppi","url":"https:\/\/geppi-kaffeemaschinen.ch\/fr\/","logo":{"@type":"ImageObject","inLanguage":"fr-FR","@id":"https:\/\/geppi-kaffeemaschinen.ch\/fr\/#\/schema\/logo\/image\/","url":"https:\/\/geppi-kaffeemaschinen.ch\/wp-content\/uploads\/2021\/08\/logo-scaled_prev_ui.png","contentUrl":"https:\/\/geppi-kaffeemaschinen.ch\/wp-content\/uploads\/2021\/08\/logo-scaled_prev_ui.png","width":500,"height":500,"caption":"Geppi Kaffeemaschinen"},"image":{"@id":"https:\/\/geppi-kaffeemaschinen.ch\/fr\/#\/schema\/logo\/image\/"}}]}},"_links":{"self":[{"href":"https:\/\/geppi-kaffeemaschinen.ch\/fr\/wp-json\/wp\/v2\/product\/17166","targetHints":{"allow":["GET"]}}],"collection":[{"href":"https:\/\/geppi-kaffeemaschinen.ch\/fr\/wp-json\/wp\/v2\/product"}],"about":[{"href":"https:\/\/geppi-kaffeemaschinen.ch\/fr\/wp-json\/wp\/v2\/types\/product"}],"replies":[{"embeddable":true,"href":"https:\/\/geppi-kaffeemaschinen.ch\/fr\/wp-json\/wp\/v2\/comments?post=17166"}],"version-history":[{"count":2,"href":"https:\/\/geppi-kaffeemaschinen.ch\/fr\/wp-json\/wp\/v2\/product\/17166\/revisions"}],"predecessor-version":[{"id":17265,"href":"https:\/\/geppi-kaffeemaschinen.ch\/fr\/wp-json\/wp\/v2\/product\/17166\/revisions\/17265"}],"wp:featuredmedia":[{"embeddable":true,"href":"https:\/\/geppi-kaffeemaschinen.ch\/fr\/wp-json\/wp\/v2\/media\/17245"}],"wp:attachment":[{"href":"https:\/\/geppi-kaffeemaschinen.ch\/fr\/wp-json\/wp\/v2\/media?parent=17166"}],"wp:term":[{"taxonomy":"product_brand","embeddable":true,"href":"https:\/\/geppi-kaffeemaschinen.ch\/fr\/wp-json\/wp\/v2\/product_brand?post=17166"},{"taxonomy":"product_cat","embeddable":true,"href":"https:\/\/geppi-kaffeemaschinen.ch\/fr\/wp-json\/wp\/v2\/product_cat?post=17166"},{"taxonomy":"product_tag","embeddable":true,"href":"https:\/\/geppi-kaffeemaschinen.ch\/fr\/wp-json\/wp\/v2\/product_tag?post=17166"}],"curies":[{"name":"wp","href":"https:\/\/api.w.org\/{rel}","templated":true}]}}