{"id":17189,"date":"2024-06-12T12:44:28","date_gmt":"2024-06-12T12:44:28","guid":{"rendered":"https:\/\/geppi-kaffeemaschinen.ch\/?post_type=product&#038;p=17189"},"modified":"2026-03-31T13:18:56","modified_gmt":"2026-03-31T11:18:56","slug":"ceragol-milchsystem-reiniger-1-l","status":"publish","type":"product","link":"https:\/\/geppi-kaffeemaschinen.ch\/fr\/produit\/ceragol-milchsystem-reiniger-1-l\/","title":{"rendered":"Nettoyant pour syst\u00e8me de lait Ceragol 1 l"},"content":{"rendered":"<p>Le nettoyant pour syst\u00e8me de lait Ceragol a \u00e9t\u00e9 sp\u00e9cialement d\u00e9velopp\u00e9 pour nettoyer en profondeur les syst\u00e8mes de lait de vos machines \u00e0 caf\u00e9 et machines \u00e0 expresso. Ce nettoyant puissant \u00e9limine efficacement les graisses et les r\u00e9sidus du lait et garantit une propret\u00e9 hygi\u00e9nique des appareils qui fonctionnent toujours de mani\u00e8re optimale.<\/p>\n<p>**Caract\u00e9ristiques du produit\u00a0:**<\/p>\n<p>\u2013 <strong>Contenu:<\/strong> 1 litre<br \/>\n\u2013 <strong>Port\u00e9e:<\/strong> Convient aux machines \u00e0 caf\u00e9, aux machines \u00e0 expresso et \u00e0 tous les appareils \u00e9quip\u00e9s de syst\u00e8mes de lait<br \/>\n\u2013<strong> Nettoyage efficace :<\/strong> \u00c9limine de mani\u00e8re fiable les graisses et les r\u00e9sidus du lait<br \/>\n\u2013 <strong>Respectueux des mat\u00e9riaux\u00a0:<\/strong> Prot\u00e8ge vos appareils contre les dommages et assure un nettoyage en douceur<br \/>\n\u2013<strong> Facile \u00e0 utiliser :<\/strong> Pr\u00eat \u00e0 l&#039;emploi et facile \u00e0 appliquer<\/p>\n<p><strong>Description:<\/strong><br \/>\nLe nettoyant syst\u00e8me de lait Ceragol offre une solution simple et efficace pour \u00e9liminer les graisses laiti\u00e8res et les r\u00e9sidus pr\u00e9sents dans les syst\u00e8mes de lait de vos machines \u00e0 caf\u00e9 et machines expresso. Un nettoyage r\u00e9gulier am\u00e9liore non seulement l&#039;hygi\u00e8ne, mais \u00e9galement la fonctionnalit\u00e9 de vos appareils. Le nettoyant est pr\u00eat \u00e0 l&#039;emploi et facile \u00e0 utiliser : versez simplement la quantit\u00e9 recommand\u00e9e dans l&#039;appareil, laissez-le agir et rincez abondamment.<\/p>\n<p>Faites l&#039;exp\u00e9rience d&#039;un nettoyage en profondeur avec Ceragol et gardez vos appareils en parfait \u00e9tat. Id\u00e9al pour une utilisation r\u00e9guli\u00e8re afin d&#039;assurer le fonctionnement optimal de vos syst\u00e8mes de lait.<\/p>","protected":false},"excerpt":{"rendered":"<ul>\n<li>Nettoyant puissant pour syst\u00e8mes de lait<\/li>\n<li>\u00c9limination efficace des graisses et des r\u00e9sidus du lait<\/li>\n<li>Contenu : 1 litre<\/li>\n<li>Doux pour les mat\u00e9riaux et les appareils<\/li>\n<li>Facile \u00e0 utiliser<\/li>\n<\/ul>","protected":false},"featured_media":17199,"comment_status":"open","ping_status":"closed","template":"","meta":[],"product_brand":[],"product_cat":[28],"product_tag":[],"class_list":{"0":"post-17189","1":"product","2":"type-product","3":"status-publish","4":"has-post-thumbnail","6":"product_cat-pflegeprodukte","8":"first","9":"instock","10":"shipping-taxable","11":"purchasable","12":"product-type-simple"},"yoast_head":"<!-- This site is optimized with the Yoast SEO plugin v25.1 - https:\/\/yoast.com\/wordpress\/plugins\/seo\/ -->\n<title>Ceragol Milchsystem Reiniger 1 l - Geppi Kaffeemaschinen<\/title>\n<meta name=\"description\" content=\"Der Ceragol Milchsystem Reiniger (1 l) ist speziell f\u00fcr die gr\u00fcndliche Reinigung von Milchsystemen in Kaffeemaschinen und Espressomaschinen entwickelt.\" \/>\n<meta name=\"robots\" content=\"index, follow, max-snippet:-1, max-image-preview:large, max-video-preview:-1\" \/>\n<link rel=\"canonical\" href=\"https:\/\/geppi-kaffeemaschinen.ch\/fr\/produit\/ceragol-milchsystem-reiniger-1-l\/\" \/>\n<meta property=\"og:locale\" content=\"fr_FR\" \/>\n<meta property=\"og:type\" content=\"article\" \/>\n<meta property=\"og:title\" content=\"Ceragol Milchsystem Reiniger 1 l - Geppi Kaffeemaschinen\" \/>\n<meta property=\"og:description\" content=\"Der Ceragol Milchsystem Reiniger (1 l) ist speziell f\u00fcr die gr\u00fcndliche Reinigung von Milchsystemen in Kaffeemaschinen und Espressomaschinen entwickelt.\" \/>\n<meta property=\"og:url\" content=\"https:\/\/geppi-kaffeemaschinen.ch\/fr\/produit\/ceragol-milchsystem-reiniger-1-l\/\" \/>\n<meta property=\"og:site_name\" content=\"Geppi Kaffeemaschinen\" \/>\n<meta property=\"article:modified_time\" content=\"2026-03-31T11:18:56+00:00\" \/>\n<meta property=\"og:image\" content=\"https:\/\/geppi-kaffeemaschinen.ch\/wp-content\/uploads\/2024\/06\/Milchsystemreiniger-1000ml2.jpg\" \/>\n\t<meta property=\"og:image:width\" content=\"1920\" \/>\n\t<meta property=\"og:image:height\" content=\"1920\" \/>\n\t<meta property=\"og:image:type\" content=\"image\/jpeg\" \/>\n<meta name=\"twitter:card\" content=\"summary_large_image\" \/>\n<meta name=\"twitter:label1\" content=\"Dur\u00e9e de lecture estim\u00e9e\" \/>\n\t<meta name=\"twitter:data1\" content=\"2 minutes\" \/>\n<script type=\"application\/ld+json\" class=\"yoast-schema-graph\">{\"@context\":\"https:\/\/schema.org\",\"@graph\":[{\"@type\":\"WebPage\",\"@id\":\"https:\/\/geppi-kaffeemaschinen.ch\/produkt\/ceragol-milchsystem-reiniger-1-l\/\",\"url\":\"https:\/\/geppi-kaffeemaschinen.ch\/produkt\/ceragol-milchsystem-reiniger-1-l\/\",\"name\":\"Ceragol Milchsystem Reiniger 1 l - Geppi Kaffeemaschinen\",\"isPartOf\":{\"@id\":\"https:\/\/geppi-kaffeemaschinen.ch\/fr\/#website\"},\"primaryImageOfPage\":{\"@id\":\"https:\/\/geppi-kaffeemaschinen.ch\/produkt\/ceragol-milchsystem-reiniger-1-l\/#primaryimage\"},\"image\":{\"@id\":\"https:\/\/geppi-kaffeemaschinen.ch\/produkt\/ceragol-milchsystem-reiniger-1-l\/#primaryimage\"},\"thumbnailUrl\":\"https:\/\/geppi-kaffeemaschinen.ch\/wp-content\/uploads\/2024\/06\/Milchsystemreiniger-1000ml2.jpg\",\"datePublished\":\"2024-06-12T12:44:28+00:00\",\"dateModified\":\"2026-03-31T11:18:56+00:00\",\"description\":\"Der Ceragol Milchsystem Reiniger (1 l) ist speziell f\u00fcr die gr\u00fcndliche Reinigung von Milchsystemen in Kaffeemaschinen und Espressomaschinen entwickelt.\",\"breadcrumb\":{\"@id\":\"https:\/\/geppi-kaffeemaschinen.ch\/produkt\/ceragol-milchsystem-reiniger-1-l\/#breadcrumb\"},\"inLanguage\":\"fr-FR\",\"potentialAction\":[{\"@type\":\"ReadAction\",\"target\":[\"https:\/\/geppi-kaffeemaschinen.ch\/produkt\/ceragol-milchsystem-reiniger-1-l\/\"]}]},{\"@type\":\"ImageObject\",\"inLanguage\":\"fr-FR\",\"@id\":\"https:\/\/geppi-kaffeemaschinen.ch\/produkt\/ceragol-milchsystem-reiniger-1-l\/#primaryimage\",\"url\":\"https:\/\/geppi-kaffeemaschinen.ch\/wp-content\/uploads\/2024\/06\/Milchsystemreiniger-1000ml2.jpg\",\"contentUrl\":\"https:\/\/geppi-kaffeemaschinen.ch\/wp-content\/uploads\/2024\/06\/Milchsystemreiniger-1000ml2.jpg\",\"width\":1920,\"height\":1920},{\"@type\":\"BreadcrumbList\",\"@id\":\"https:\/\/geppi-kaffeemaschinen.ch\/produkt\/ceragol-milchsystem-reiniger-1-l\/#breadcrumb\",\"itemListElement\":[{\"@type\":\"ListItem\",\"position\":1,\"name\":\"Startseite\",\"item\":\"https:\/\/geppi-kaffeemaschinen.ch\/\"},{\"@type\":\"ListItem\",\"position\":2,\"name\":\"Shop\",\"item\":\"https:\/\/geppi-kaffeemaschinen.ch\/shop\/\"},{\"@type\":\"ListItem\",\"position\":3,\"name\":\"Ceragol Milchsystem Reiniger 1 l\"}]},{\"@type\":\"WebSite\",\"@id\":\"https:\/\/geppi-kaffeemaschinen.ch\/fr\/#website\",\"url\":\"https:\/\/geppi-kaffeemaschinen.ch\/fr\/\",\"name\":\"Geppi Kaffeemaschinen\",\"description\":\"\",\"publisher\":{\"@id\":\"https:\/\/geppi-kaffeemaschinen.ch\/fr\/#organization\"},\"potentialAction\":[{\"@type\":\"SearchAction\",\"target\":{\"@type\":\"EntryPoint\",\"urlTemplate\":\"https:\/\/geppi-kaffeemaschinen.ch\/fr\/?s={search_term_string}\"},\"query-input\":{\"@type\":\"PropertyValueSpecification\",\"valueRequired\":true,\"valueName\":\"search_term_string\"}}],\"inLanguage\":\"fr-FR\"},{\"@type\":\"Organization\",\"@id\":\"https:\/\/geppi-kaffeemaschinen.ch\/fr\/#organization\",\"name\":\"Geppi Kaffeemaschinen\",\"url\":\"https:\/\/geppi-kaffeemaschinen.ch\/fr\/\",\"logo\":{\"@type\":\"ImageObject\",\"inLanguage\":\"fr-FR\",\"@id\":\"https:\/\/geppi-kaffeemaschinen.ch\/fr\/#\/schema\/logo\/image\/\",\"url\":\"https:\/\/geppi-kaffeemaschinen.ch\/wp-content\/uploads\/2021\/08\/logo-scaled_prev_ui.png\",\"contentUrl\":\"https:\/\/geppi-kaffeemaschinen.ch\/wp-content\/uploads\/2021\/08\/logo-scaled_prev_ui.png\",\"width\":500,\"height\":500,\"caption\":\"Geppi Kaffeemaschinen\"},\"image\":{\"@id\":\"https:\/\/geppi-kaffeemaschinen.ch\/fr\/#\/schema\/logo\/image\/\"}}]}<\/script>\n<!-- \/ Yoast SEO plugin. -->","yoast_head_json":{"title":"Ceragol Milchsystem Reiniger 1 l - Geppi Kaffeemaschinen","description":"Der Ceragol Milchsystem Reiniger (1 l) ist speziell f\u00fcr die gr\u00fcndliche Reinigung von Milchsystemen in Kaffeemaschinen und Espressomaschinen entwickelt.","robots":{"index":"index","follow":"follow","max-snippet":"max-snippet:-1","max-image-preview":"max-image-preview:large","max-video-preview":"max-video-preview:-1"},"canonical":"https:\/\/geppi-kaffeemaschinen.ch\/fr\/produit\/ceragol-milchsystem-reiniger-1-l\/","og_locale":"fr_FR","og_type":"article","og_title":"Ceragol Milchsystem Reiniger 1 l - Geppi Kaffeemaschinen","og_description":"Der Ceragol Milchsystem Reiniger (1 l) ist speziell f\u00fcr die gr\u00fcndliche Reinigung von Milchsystemen in Kaffeemaschinen und Espressomaschinen entwickelt.","og_url":"https:\/\/geppi-kaffeemaschinen.ch\/fr\/produit\/ceragol-milchsystem-reiniger-1-l\/","og_site_name":"Geppi Kaffeemaschinen","article_modified_time":"2026-03-31T11:18:56+00:00","og_image":[{"width":1920,"height":1920,"url":"https:\/\/geppi-kaffeemaschinen.ch\/wp-content\/uploads\/2024\/06\/Milchsystemreiniger-1000ml2.jpg","type":"image\/jpeg"}],"twitter_card":"summary_large_image","twitter_misc":{"Dur\u00e9e de lecture estim\u00e9e":"2 minutes"},"schema":{"@context":"https:\/\/schema.org","@graph":[{"@type":"WebPage","@id":"https:\/\/geppi-kaffeemaschinen.ch\/produkt\/ceragol-milchsystem-reiniger-1-l\/","url":"https:\/\/geppi-kaffeemaschinen.ch\/produkt\/ceragol-milchsystem-reiniger-1-l\/","name":"Ceragol Milchsystem Reiniger 1 l - Geppi Kaffeemaschinen","isPartOf":{"@id":"https:\/\/geppi-kaffeemaschinen.ch\/fr\/#website"},"primaryImageOfPage":{"@id":"https:\/\/geppi-kaffeemaschinen.ch\/produkt\/ceragol-milchsystem-reiniger-1-l\/#primaryimage"},"image":{"@id":"https:\/\/geppi-kaffeemaschinen.ch\/produkt\/ceragol-milchsystem-reiniger-1-l\/#primaryimage"},"thumbnailUrl":"https:\/\/geppi-kaffeemaschinen.ch\/wp-content\/uploads\/2024\/06\/Milchsystemreiniger-1000ml2.jpg","datePublished":"2024-06-12T12:44:28+00:00","dateModified":"2026-03-31T11:18:56+00:00","description":"Der Ceragol Milchsystem Reiniger (1 l) ist speziell f\u00fcr die gr\u00fcndliche Reinigung von Milchsystemen in Kaffeemaschinen und Espressomaschinen entwickelt.","breadcrumb":{"@id":"https:\/\/geppi-kaffeemaschinen.ch\/produkt\/ceragol-milchsystem-reiniger-1-l\/#breadcrumb"},"inLanguage":"fr-FR","potentialAction":[{"@type":"ReadAction","target":["https:\/\/geppi-kaffeemaschinen.ch\/produkt\/ceragol-milchsystem-reiniger-1-l\/"]}]},{"@type":"ImageObject","inLanguage":"fr-FR","@id":"https:\/\/geppi-kaffeemaschinen.ch\/produkt\/ceragol-milchsystem-reiniger-1-l\/#primaryimage","url":"https:\/\/geppi-kaffeemaschinen.ch\/wp-content\/uploads\/2024\/06\/Milchsystemreiniger-1000ml2.jpg","contentUrl":"https:\/\/geppi-kaffeemaschinen.ch\/wp-content\/uploads\/2024\/06\/Milchsystemreiniger-1000ml2.jpg","width":1920,"height":1920},{"@type":"BreadcrumbList","@id":"https:\/\/geppi-kaffeemaschinen.ch\/produkt\/ceragol-milchsystem-reiniger-1-l\/#breadcrumb","itemListElement":[{"@type":"ListItem","position":1,"name":"Startseite","item":"https:\/\/geppi-kaffeemaschinen.ch\/"},{"@type":"ListItem","position":2,"name":"Shop","item":"https:\/\/geppi-kaffeemaschinen.ch\/shop\/"},{"@type":"ListItem","position":3,"name":"Ceragol Milchsystem Reiniger 1 l"}]},{"@type":"WebSite","@id":"https:\/\/geppi-kaffeemaschinen.ch\/fr\/#website","url":"https:\/\/geppi-kaffeemaschinen.ch\/fr\/","name":"Machines \u00e0 caf\u00e9 Geppi","description":"","publisher":{"@id":"https:\/\/geppi-kaffeemaschinen.ch\/fr\/#organization"},"potentialAction":[{"@type":"SearchAction","target":{"@type":"EntryPoint","urlTemplate":"https:\/\/geppi-kaffeemaschinen.ch\/fr\/?s={search_term_string}"},"query-input":{"@type":"PropertyValueSpecification","valueRequired":true,"valueName":"search_term_string"}}],"inLanguage":"fr-FR"},{"@type":"Organization","@id":"https:\/\/geppi-kaffeemaschinen.ch\/fr\/#organization","name":"Machines \u00e0 caf\u00e9 Geppi","url":"https:\/\/geppi-kaffeemaschinen.ch\/fr\/","logo":{"@type":"ImageObject","inLanguage":"fr-FR","@id":"https:\/\/geppi-kaffeemaschinen.ch\/fr\/#\/schema\/logo\/image\/","url":"https:\/\/geppi-kaffeemaschinen.ch\/wp-content\/uploads\/2021\/08\/logo-scaled_prev_ui.png","contentUrl":"https:\/\/geppi-kaffeemaschinen.ch\/wp-content\/uploads\/2021\/08\/logo-scaled_prev_ui.png","width":500,"height":500,"caption":"Geppi Kaffeemaschinen"},"image":{"@id":"https:\/\/geppi-kaffeemaschinen.ch\/fr\/#\/schema\/logo\/image\/"}}]}},"_links":{"self":[{"href":"https:\/\/geppi-kaffeemaschinen.ch\/fr\/wp-json\/wp\/v2\/product\/17189","targetHints":{"allow":["GET"]}}],"collection":[{"href":"https:\/\/geppi-kaffeemaschinen.ch\/fr\/wp-json\/wp\/v2\/product"}],"about":[{"href":"https:\/\/geppi-kaffeemaschinen.ch\/fr\/wp-json\/wp\/v2\/types\/product"}],"replies":[{"embeddable":true,"href":"https:\/\/geppi-kaffeemaschinen.ch\/fr\/wp-json\/wp\/v2\/comments?post=17189"}],"version-history":[{"count":1,"href":"https:\/\/geppi-kaffeemaschinen.ch\/fr\/wp-json\/wp\/v2\/product\/17189\/revisions"}],"predecessor-version":[{"id":17200,"href":"https:\/\/geppi-kaffeemaschinen.ch\/fr\/wp-json\/wp\/v2\/product\/17189\/revisions\/17200"}],"wp:featuredmedia":[{"embeddable":true,"href":"https:\/\/geppi-kaffeemaschinen.ch\/fr\/wp-json\/wp\/v2\/media\/17199"}],"wp:attachment":[{"href":"https:\/\/geppi-kaffeemaschinen.ch\/fr\/wp-json\/wp\/v2\/media?parent=17189"}],"wp:term":[{"taxonomy":"product_brand","embeddable":true,"href":"https:\/\/geppi-kaffeemaschinen.ch\/fr\/wp-json\/wp\/v2\/product_brand?post=17189"},{"taxonomy":"product_cat","embeddable":true,"href":"https:\/\/geppi-kaffeemaschinen.ch\/fr\/wp-json\/wp\/v2\/product_cat?post=17189"},{"taxonomy":"product_tag","embeddable":true,"href":"https:\/\/geppi-kaffeemaschinen.ch\/fr\/wp-json\/wp\/v2\/product_tag?post=17189"}],"curies":[{"name":"wp","href":"https:\/\/api.w.org\/{rel}","templated":true}]}}