{"id":17190,"date":"2024-06-12T12:47:39","date_gmt":"2024-06-12T12:47:39","guid":{"rendered":"https:\/\/geppi-kaffeemaschinen.ch\/?post_type=product&#038;p=17190"},"modified":"2026-03-31T13:19:17","modified_gmt":"2026-03-31T11:19:17","slug":"ceragol-ultra-pronto-crema-clean","status":"publish","type":"product","link":"https:\/\/geppi-kaffeemaschinen.ch\/fr\/produit\/ceragol-ultra-pronto-crema-clean\/","title":{"rendered":"Ceragol Ultra Pronto Cr\u00e8me Propre 0,5l"},"content":{"rendered":"<p>Le Ceragol Ultra Pronto Crema Clean a \u00e9t\u00e9 sp\u00e9cialement d\u00e9velopp\u00e9 pour nettoyer en profondeur les r\u00e9sidus de caf\u00e9 et les huiles de vos machines \u00e0 caf\u00e9 et machines \u00e0 expresso. Ce nettoyant puissant \u00e9limine efficacement les huiles et les r\u00e9sidus de caf\u00e9 et garantit des appareils hygi\u00e9niquement propres qui fonctionnent toujours de mani\u00e8re optimale.<\/p>\n<p><strong>\u00a0 Caract\u00e9ristiques du produit :<\/strong><\/p>\n<p>\u2013 <strong>Contenu:<\/strong> 0,5 litre<br \/>\n\u2013 <strong>Port\u00e9e:<\/strong> Convient aux machines \u00e0 caf\u00e9, aux machines \u00e0 expresso et \u00e0 tous les appareils \u00e9quip\u00e9s de syst\u00e8mes de lait<br \/>\n\u2013 <strong>Nettoyage efficace :<\/strong> \u00c9limine de mani\u00e8re fiable les huiles et les r\u00e9sidus de caf\u00e9<br \/>\n\u2013 <strong>Respectueux des mat\u00e9riaux\u00a0:<\/strong> Prot\u00e8ge vos appareils contre les dommages et assure un nettoyage en douceur<br \/>\n\u2013 <strong>Facile \u00e0 utiliser :<\/strong> Pr\u00eat \u00e0 l&#039;emploi et facile \u00e0 appliquer<\/p>\n<p><strong>Description:<\/strong><br \/>\nLe Ceragol Ultra Pronto Crema Clean offre une solution simple et efficace pour \u00e9liminer les huiles et r\u00e9sidus de caf\u00e9 dans vos machines \u00e0 caf\u00e9 et machines \u00e0 expresso. Un nettoyage r\u00e9gulier am\u00e9liore non seulement l&#039;hygi\u00e8ne, mais \u00e9galement la fonctionnalit\u00e9 de vos appareils. Le nettoyant est pr\u00eat \u00e0 l&#039;emploi et facile \u00e0 utiliser : versez simplement la quantit\u00e9 recommand\u00e9e dans l&#039;appareil, laissez-le agir et rincez abondamment.<\/p>\n<p>Faites l&#039;exp\u00e9rience d&#039;un nettoyage en profondeur avec Ceragol et gardez vos appareils en parfait \u00e9tat. Id\u00e9al pour une utilisation r\u00e9guli\u00e8re afin d&#039;assurer le fonctionnement optimal de vos machines.<\/p>","protected":false},"excerpt":{"rendered":"<ul>\n<li>Nettoyant puissant pour machines \u00e0 caf\u00e9<\/li>\n<li>\u00c9limination efficace des huiles et des r\u00e9sidus de caf\u00e9<\/li>\n<li>Contenu : 0,5 l<\/li>\n<li>Doux pour les mat\u00e9riaux et les appareils<\/li>\n<li>Facile \u00e0 utiliser<\/li>\n<\/ul>","protected":false},"featured_media":17201,"comment_status":"open","ping_status":"closed","template":"","meta":[],"product_brand":[],"product_cat":[28],"product_tag":[],"class_list":{"0":"post-17190","1":"product","2":"type-product","3":"status-publish","4":"has-post-thumbnail","6":"product_cat-pflegeprodukte","8":"first","9":"instock","10":"shipping-taxable","11":"purchasable","12":"product-type-simple"},"yoast_head":"<!-- This site is optimized with the Yoast SEO plugin v25.1 - https:\/\/yoast.com\/wordpress\/plugins\/seo\/ -->\n<title>Ceragol Ultra Pronto Crema Clean 0.5l - Geppi Kaffeemaschinen<\/title>\n<meta name=\"description\" content=\"Der Ceragol Ultra Pronto Crema Clean (0.5 l) sorgt f\u00fcr hygienisch saubere Kaffeemaschinen und Espressomaschinen, indem er Kaffee\u00f6le und -reste gr\u00fcndlich entfernt.\" \/>\n<meta name=\"robots\" content=\"index, follow, max-snippet:-1, max-image-preview:large, max-video-preview:-1\" \/>\n<link rel=\"canonical\" href=\"https:\/\/geppi-kaffeemaschinen.ch\/fr\/produit\/ceragol-ultra-pronto-crema-clean\/\" \/>\n<meta property=\"og:locale\" content=\"fr_FR\" \/>\n<meta property=\"og:type\" content=\"article\" \/>\n<meta property=\"og:title\" content=\"Ceragol Ultra Pronto Crema Clean 0.5l - Geppi Kaffeemaschinen\" \/>\n<meta property=\"og:description\" content=\"Der Ceragol Ultra Pronto Crema Clean (0.5 l) sorgt f\u00fcr hygienisch saubere Kaffeemaschinen und Espressomaschinen, indem er Kaffee\u00f6le und -reste gr\u00fcndlich entfernt.\" \/>\n<meta property=\"og:url\" content=\"https:\/\/geppi-kaffeemaschinen.ch\/fr\/produit\/ceragol-ultra-pronto-crema-clean\/\" \/>\n<meta property=\"og:site_name\" content=\"Geppi Kaffeemaschinen\" \/>\n<meta property=\"article:modified_time\" content=\"2026-03-31T11:19:17+00:00\" \/>\n<meta property=\"og:image\" content=\"https:\/\/geppi-kaffeemaschinen.ch\/wp-content\/uploads\/2024\/06\/geppirosca-ezgif.com-png-to-webp-converter.webp\" \/>\n\t<meta property=\"og:image:width\" content=\"6838\" \/>\n\t<meta property=\"og:image:height\" content=\"7813\" \/>\n\t<meta property=\"og:image:type\" content=\"image\/webp\" \/>\n<meta name=\"twitter:card\" content=\"summary_large_image\" \/>\n<meta name=\"twitter:label1\" content=\"Dur\u00e9e de lecture estim\u00e9e\" \/>\n\t<meta name=\"twitter:data1\" content=\"2 minutes\" \/>\n<script type=\"application\/ld+json\" class=\"yoast-schema-graph\">{\"@context\":\"https:\/\/schema.org\",\"@graph\":[{\"@type\":\"WebPage\",\"@id\":\"https:\/\/geppi-kaffeemaschinen.ch\/produkt\/ceragol-ultra-pronto-crema-clean\/\",\"url\":\"https:\/\/geppi-kaffeemaschinen.ch\/produkt\/ceragol-ultra-pronto-crema-clean\/\",\"name\":\"Ceragol Ultra Pronto Crema Clean 0.5l - Geppi Kaffeemaschinen\",\"isPartOf\":{\"@id\":\"https:\/\/geppi-kaffeemaschinen.ch\/fr\/#website\"},\"primaryImageOfPage\":{\"@id\":\"https:\/\/geppi-kaffeemaschinen.ch\/produkt\/ceragol-ultra-pronto-crema-clean\/#primaryimage\"},\"image\":{\"@id\":\"https:\/\/geppi-kaffeemaschinen.ch\/produkt\/ceragol-ultra-pronto-crema-clean\/#primaryimage\"},\"thumbnailUrl\":\"https:\/\/geppi-kaffeemaschinen.ch\/wp-content\/uploads\/2024\/06\/geppirosca-ezgif.com-png-to-webp-converter.webp\",\"datePublished\":\"2024-06-12T12:47:39+00:00\",\"dateModified\":\"2026-03-31T11:19:17+00:00\",\"description\":\"Der Ceragol Ultra Pronto Crema Clean (0.5 l) sorgt f\u00fcr hygienisch saubere Kaffeemaschinen und Espressomaschinen, indem er Kaffee\u00f6le und -reste gr\u00fcndlich entfernt.\",\"breadcrumb\":{\"@id\":\"https:\/\/geppi-kaffeemaschinen.ch\/produkt\/ceragol-ultra-pronto-crema-clean\/#breadcrumb\"},\"inLanguage\":\"fr-FR\",\"potentialAction\":[{\"@type\":\"ReadAction\",\"target\":[\"https:\/\/geppi-kaffeemaschinen.ch\/produkt\/ceragol-ultra-pronto-crema-clean\/\"]}]},{\"@type\":\"ImageObject\",\"inLanguage\":\"fr-FR\",\"@id\":\"https:\/\/geppi-kaffeemaschinen.ch\/produkt\/ceragol-ultra-pronto-crema-clean\/#primaryimage\",\"url\":\"https:\/\/geppi-kaffeemaschinen.ch\/wp-content\/uploads\/2024\/06\/geppirosca-ezgif.com-png-to-webp-converter.webp\",\"contentUrl\":\"https:\/\/geppi-kaffeemaschinen.ch\/wp-content\/uploads\/2024\/06\/geppirosca-ezgif.com-png-to-webp-converter.webp\",\"width\":6838,\"height\":7813},{\"@type\":\"BreadcrumbList\",\"@id\":\"https:\/\/geppi-kaffeemaschinen.ch\/produkt\/ceragol-ultra-pronto-crema-clean\/#breadcrumb\",\"itemListElement\":[{\"@type\":\"ListItem\",\"position\":1,\"name\":\"Startseite\",\"item\":\"https:\/\/geppi-kaffeemaschinen.ch\/\"},{\"@type\":\"ListItem\",\"position\":2,\"name\":\"Shop\",\"item\":\"https:\/\/geppi-kaffeemaschinen.ch\/shop\/\"},{\"@type\":\"ListItem\",\"position\":3,\"name\":\"Ceragol Ultra Pronto Crema Clean 0.5l\"}]},{\"@type\":\"WebSite\",\"@id\":\"https:\/\/geppi-kaffeemaschinen.ch\/fr\/#website\",\"url\":\"https:\/\/geppi-kaffeemaschinen.ch\/fr\/\",\"name\":\"Geppi Kaffeemaschinen\",\"description\":\"\",\"publisher\":{\"@id\":\"https:\/\/geppi-kaffeemaschinen.ch\/fr\/#organization\"},\"potentialAction\":[{\"@type\":\"SearchAction\",\"target\":{\"@type\":\"EntryPoint\",\"urlTemplate\":\"https:\/\/geppi-kaffeemaschinen.ch\/fr\/?s={search_term_string}\"},\"query-input\":{\"@type\":\"PropertyValueSpecification\",\"valueRequired\":true,\"valueName\":\"search_term_string\"}}],\"inLanguage\":\"fr-FR\"},{\"@type\":\"Organization\",\"@id\":\"https:\/\/geppi-kaffeemaschinen.ch\/fr\/#organization\",\"name\":\"Geppi Kaffeemaschinen\",\"url\":\"https:\/\/geppi-kaffeemaschinen.ch\/fr\/\",\"logo\":{\"@type\":\"ImageObject\",\"inLanguage\":\"fr-FR\",\"@id\":\"https:\/\/geppi-kaffeemaschinen.ch\/fr\/#\/schema\/logo\/image\/\",\"url\":\"https:\/\/geppi-kaffeemaschinen.ch\/wp-content\/uploads\/2021\/08\/logo-scaled_prev_ui.png\",\"contentUrl\":\"https:\/\/geppi-kaffeemaschinen.ch\/wp-content\/uploads\/2021\/08\/logo-scaled_prev_ui.png\",\"width\":500,\"height\":500,\"caption\":\"Geppi Kaffeemaschinen\"},\"image\":{\"@id\":\"https:\/\/geppi-kaffeemaschinen.ch\/fr\/#\/schema\/logo\/image\/\"}}]}<\/script>\n<!-- \/ Yoast SEO plugin. -->","yoast_head_json":{"title":"Ceragol Ultra Pronto Crema Clean 0.5l - Geppi Kaffeemaschinen","description":"Der Ceragol Ultra Pronto Crema Clean (0.5 l) sorgt f\u00fcr hygienisch saubere Kaffeemaschinen und Espressomaschinen, indem er Kaffee\u00f6le und -reste gr\u00fcndlich entfernt.","robots":{"index":"index","follow":"follow","max-snippet":"max-snippet:-1","max-image-preview":"max-image-preview:large","max-video-preview":"max-video-preview:-1"},"canonical":"https:\/\/geppi-kaffeemaschinen.ch\/fr\/produit\/ceragol-ultra-pronto-crema-clean\/","og_locale":"fr_FR","og_type":"article","og_title":"Ceragol Ultra Pronto Crema Clean 0.5l - Geppi Kaffeemaschinen","og_description":"Der Ceragol Ultra Pronto Crema Clean (0.5 l) sorgt f\u00fcr hygienisch saubere Kaffeemaschinen und Espressomaschinen, indem er Kaffee\u00f6le und -reste gr\u00fcndlich entfernt.","og_url":"https:\/\/geppi-kaffeemaschinen.ch\/fr\/produit\/ceragol-ultra-pronto-crema-clean\/","og_site_name":"Geppi Kaffeemaschinen","article_modified_time":"2026-03-31T11:19:17+00:00","og_image":[{"width":6838,"height":7813,"url":"https:\/\/geppi-kaffeemaschinen.ch\/wp-content\/uploads\/2024\/06\/geppirosca-ezgif.com-png-to-webp-converter.webp","type":"image\/webp"}],"twitter_card":"summary_large_image","twitter_misc":{"Dur\u00e9e de lecture estim\u00e9e":"2 minutes"},"schema":{"@context":"https:\/\/schema.org","@graph":[{"@type":"WebPage","@id":"https:\/\/geppi-kaffeemaschinen.ch\/produkt\/ceragol-ultra-pronto-crema-clean\/","url":"https:\/\/geppi-kaffeemaschinen.ch\/produkt\/ceragol-ultra-pronto-crema-clean\/","name":"Ceragol Ultra Pronto Crema Clean 0.5l - Geppi Kaffeemaschinen","isPartOf":{"@id":"https:\/\/geppi-kaffeemaschinen.ch\/fr\/#website"},"primaryImageOfPage":{"@id":"https:\/\/geppi-kaffeemaschinen.ch\/produkt\/ceragol-ultra-pronto-crema-clean\/#primaryimage"},"image":{"@id":"https:\/\/geppi-kaffeemaschinen.ch\/produkt\/ceragol-ultra-pronto-crema-clean\/#primaryimage"},"thumbnailUrl":"https:\/\/geppi-kaffeemaschinen.ch\/wp-content\/uploads\/2024\/06\/geppirosca-ezgif.com-png-to-webp-converter.webp","datePublished":"2024-06-12T12:47:39+00:00","dateModified":"2026-03-31T11:19:17+00:00","description":"Der Ceragol Ultra Pronto Crema Clean (0.5 l) sorgt f\u00fcr hygienisch saubere Kaffeemaschinen und Espressomaschinen, indem er Kaffee\u00f6le und -reste gr\u00fcndlich entfernt.","breadcrumb":{"@id":"https:\/\/geppi-kaffeemaschinen.ch\/produkt\/ceragol-ultra-pronto-crema-clean\/#breadcrumb"},"inLanguage":"fr-FR","potentialAction":[{"@type":"ReadAction","target":["https:\/\/geppi-kaffeemaschinen.ch\/produkt\/ceragol-ultra-pronto-crema-clean\/"]}]},{"@type":"ImageObject","inLanguage":"fr-FR","@id":"https:\/\/geppi-kaffeemaschinen.ch\/produkt\/ceragol-ultra-pronto-crema-clean\/#primaryimage","url":"https:\/\/geppi-kaffeemaschinen.ch\/wp-content\/uploads\/2024\/06\/geppirosca-ezgif.com-png-to-webp-converter.webp","contentUrl":"https:\/\/geppi-kaffeemaschinen.ch\/wp-content\/uploads\/2024\/06\/geppirosca-ezgif.com-png-to-webp-converter.webp","width":6838,"height":7813},{"@type":"BreadcrumbList","@id":"https:\/\/geppi-kaffeemaschinen.ch\/produkt\/ceragol-ultra-pronto-crema-clean\/#breadcrumb","itemListElement":[{"@type":"ListItem","position":1,"name":"Startseite","item":"https:\/\/geppi-kaffeemaschinen.ch\/"},{"@type":"ListItem","position":2,"name":"Shop","item":"https:\/\/geppi-kaffeemaschinen.ch\/shop\/"},{"@type":"ListItem","position":3,"name":"Ceragol Ultra Pronto Crema Clean 0.5l"}]},{"@type":"WebSite","@id":"https:\/\/geppi-kaffeemaschinen.ch\/fr\/#website","url":"https:\/\/geppi-kaffeemaschinen.ch\/fr\/","name":"Machines \u00e0 caf\u00e9 Geppi","description":"","publisher":{"@id":"https:\/\/geppi-kaffeemaschinen.ch\/fr\/#organization"},"potentialAction":[{"@type":"SearchAction","target":{"@type":"EntryPoint","urlTemplate":"https:\/\/geppi-kaffeemaschinen.ch\/fr\/?s={search_term_string}"},"query-input":{"@type":"PropertyValueSpecification","valueRequired":true,"valueName":"search_term_string"}}],"inLanguage":"fr-FR"},{"@type":"Organization","@id":"https:\/\/geppi-kaffeemaschinen.ch\/fr\/#organization","name":"Machines \u00e0 caf\u00e9 Geppi","url":"https:\/\/geppi-kaffeemaschinen.ch\/fr\/","logo":{"@type":"ImageObject","inLanguage":"fr-FR","@id":"https:\/\/geppi-kaffeemaschinen.ch\/fr\/#\/schema\/logo\/image\/","url":"https:\/\/geppi-kaffeemaschinen.ch\/wp-content\/uploads\/2021\/08\/logo-scaled_prev_ui.png","contentUrl":"https:\/\/geppi-kaffeemaschinen.ch\/wp-content\/uploads\/2021\/08\/logo-scaled_prev_ui.png","width":500,"height":500,"caption":"Geppi Kaffeemaschinen"},"image":{"@id":"https:\/\/geppi-kaffeemaschinen.ch\/fr\/#\/schema\/logo\/image\/"}}]}},"_links":{"self":[{"href":"https:\/\/geppi-kaffeemaschinen.ch\/fr\/wp-json\/wp\/v2\/product\/17190","targetHints":{"allow":["GET"]}}],"collection":[{"href":"https:\/\/geppi-kaffeemaschinen.ch\/fr\/wp-json\/wp\/v2\/product"}],"about":[{"href":"https:\/\/geppi-kaffeemaschinen.ch\/fr\/wp-json\/wp\/v2\/types\/product"}],"replies":[{"embeddable":true,"href":"https:\/\/geppi-kaffeemaschinen.ch\/fr\/wp-json\/wp\/v2\/comments?post=17190"}],"version-history":[{"count":4,"href":"https:\/\/geppi-kaffeemaschinen.ch\/fr\/wp-json\/wp\/v2\/product\/17190\/revisions"}],"predecessor-version":[{"id":17269,"href":"https:\/\/geppi-kaffeemaschinen.ch\/fr\/wp-json\/wp\/v2\/product\/17190\/revisions\/17269"}],"wp:featuredmedia":[{"embeddable":true,"href":"https:\/\/geppi-kaffeemaschinen.ch\/fr\/wp-json\/wp\/v2\/media\/17201"}],"wp:attachment":[{"href":"https:\/\/geppi-kaffeemaschinen.ch\/fr\/wp-json\/wp\/v2\/media?parent=17190"}],"wp:term":[{"taxonomy":"product_brand","embeddable":true,"href":"https:\/\/geppi-kaffeemaschinen.ch\/fr\/wp-json\/wp\/v2\/product_brand?post=17190"},{"taxonomy":"product_cat","embeddable":true,"href":"https:\/\/geppi-kaffeemaschinen.ch\/fr\/wp-json\/wp\/v2\/product_cat?post=17190"},{"taxonomy":"product_tag","embeddable":true,"href":"https:\/\/geppi-kaffeemaschinen.ch\/fr\/wp-json\/wp\/v2\/product_tag?post=17190"}],"curies":[{"name":"wp","href":"https:\/\/api.w.org\/{rel}","templated":true}]}}