{"id":17210,"date":"2024-06-12T13:41:18","date_gmt":"2024-06-12T13:41:18","guid":{"rendered":"https:\/\/geppi-kaffeemaschinen.ch\/?post_type=product&#038;p=17210"},"modified":"2026-04-25T09:04:10","modified_gmt":"2026-04-25T07:04:10","slug":"jura-filterpatrone-claris-smart","status":"publish","type":"product","link":"https:\/\/geppi-kaffeemaschinen.ch\/fr\/produit\/jura-filterpatrone-claris-smart\/","title":{"rendered":"Cartouche filtrante JURA CLARIS Smart+"},"content":{"rendered":"<p>La cartouche filtrante JURA CLARIS Smart+ est la derni\u00e8re innovation en mati\u00e8re de technologie de filtre \u00e0 eau pour votre machine \u00e0 caf\u00e9 JURA. Cette cartouche filtrante assure une qualit\u00e9 d&#039;eau optimale et garantit un ar\u00f4me de caf\u00e9 incomparable. La technologie de filtrage avanc\u00e9e \u00e9limine efficacement les polluants tout en conservant les min\u00e9raux pr\u00e9cieux. La cartouche filtrante CLARIS Smart+ a \u00e9t\u00e9 sp\u00e9cialement d\u00e9velopp\u00e9e pour les machines \u00e0 caf\u00e9 JURA \u00e9quip\u00e9es du syst\u00e8me d&#039;eau intelligent (IWS).<\/p>\n<p><strong>Caract\u00e9ristiques du produit :<\/strong><\/p>\n<p>\u2013 <strong>Contenu:<\/strong> 1 pi\u00e8ce<br \/>\n\u2013 <strong>Compatibilit\u00e9:<\/strong> Convient \u00e0 toutes les machines \u00e0 caf\u00e9 JURA \u00e9quip\u00e9es d&#039;un syst\u00e8me d&#039;eau intelligent (IWS)<br \/>\n\u2013 <strong>Filtration efficace :<\/strong> \u00c9limine de mani\u00e8re fiable le calcaire, le chlore et autres impuret\u00e9s<br \/>\n\u2013 <strong>Qualit\u00e9 de l&#039;eau am\u00e9lior\u00e9e\u00a0:<\/strong> Assure une eau pure et am\u00e9liore le go\u00fbt du caf\u00e9<br \/>\n\u2013 <strong>Dur\u00e9e de vie plus longue :<\/strong> Prot\u00e8ge votre machine des d\u00e9p\u00f4ts de calcaire et prolonge sa dur\u00e9e de vie<br \/>\n\u2013 <strong>\u00c9change facile :<\/strong> Facile \u00e0 ins\u00e9rer et \u00e0 remplacer<\/p>\n<p><strong>\u00a0 Description:<\/strong><br \/>\nLa cartouche filtrante JURA CLARIS Smart+ offre une solution simple et efficace pour \u00e9liminer le calcaire, le chlore et d&#039;autres substances nocives de l&#039;eau sans affecter les pr\u00e9cieux min\u00e9raux. Cela donne un meilleur go\u00fbt au caf\u00e9 et prot\u00e8ge en m\u00eame temps votre machine des d\u00e9p\u00f4ts de calcaire.<\/p>\n<p>Gr\u00e2ce \u00e0 la technologie intelligente du syst\u00e8me d&#039;eau, votre machine JURA d\u00e9tecte automatiquement lorsqu&#039;un nouveau filtre est ins\u00e9r\u00e9 et ajuste les param\u00e8tres du filtre en cons\u00e9quence. Cela garantit que votre caf\u00e9 est toujours pr\u00e9par\u00e9 \u00e0 partir d\u2019eau pure, ce qui fait ressortir pleinement les saveurs. Le remplacement r\u00e9gulier des filtres garantit que votre machine fonctionne toujours correctement et prolonge sa dur\u00e9e de vie.<\/p>\n<p>Profitez de votre caf\u00e9 de la meilleure qualit\u00e9 avec la cartouche filtrante JURA CLARIS Smart+.<\/p>","protected":false},"excerpt":{"rendered":"<ul>\n<li>Cartouche filtrante JURA CLARIS Smart+<\/li>\n<li>Pour une qualit\u00e9 d&#039;eau optimale et le meilleur go\u00fbt du caf\u00e9<\/li>\n<li>Convient \u00e0 toutes les machines JURA \u00e9quip\u00e9es d&#039;un syst\u00e8me d&#039;eau intelligent (IWS)<\/li>\n<li>\u00c9limine le calcaire, le chlore et les impuret\u00e9s<\/li>\n<li>Am\u00e9liore la dur\u00e9e de vie de votre machine<\/li>\n<li>Contenu : 1 pi\u00e8ce<\/li>\n<\/ul>","protected":false},"featured_media":17219,"comment_status":"open","ping_status":"closed","template":"","meta":[],"product_brand":[],"product_cat":[28],"product_tag":[],"class_list":{"0":"post-17210","1":"product","2":"type-product","3":"status-publish","4":"has-post-thumbnail","6":"product_cat-pflegeprodukte","8":"first","9":"instock","10":"shipping-taxable","11":"purchasable","12":"product-type-simple"},"yoast_head":"<!-- This site is optimized with the Yoast SEO plugin v25.1 - https:\/\/yoast.com\/wordpress\/plugins\/seo\/ -->\n<title>JURA Filterpatrone CLARIS Smart+ - Geppi Kaffeemaschinen<\/title>\n<meta name=\"description\" content=\"Erleben Sie herausragende Kaffeegeschmack mit der JURA Filterpatrone CLARIS Smart+. Entwickelt f\u00fcr JURA Kaffeemaschinen mit intelligentem Wassersystem (I.W.S.), entfernt diese Patrone Kalk, Chlor und andere Verunreinigungen, w\u00e4hrend wertvolle Mineralien erhalten bleiben.\" \/>\n<meta name=\"robots\" content=\"index, follow, max-snippet:-1, max-image-preview:large, max-video-preview:-1\" \/>\n<link rel=\"canonical\" href=\"https:\/\/geppi-kaffeemaschinen.ch\/fr\/produit\/jura-filterpatrone-claris-smart\/\" \/>\n<meta property=\"og:locale\" content=\"fr_FR\" \/>\n<meta property=\"og:type\" content=\"article\" \/>\n<meta property=\"og:title\" content=\"JURA Filterpatrone CLARIS Smart+ - Geppi Kaffeemaschinen\" \/>\n<meta property=\"og:description\" content=\"Erleben Sie herausragende Kaffeegeschmack mit der JURA Filterpatrone CLARIS Smart+. Entwickelt f\u00fcr JURA Kaffeemaschinen mit intelligentem Wassersystem (I.W.S.), entfernt diese Patrone Kalk, Chlor und andere Verunreinigungen, w\u00e4hrend wertvolle Mineralien erhalten bleiben.\" \/>\n<meta property=\"og:url\" content=\"https:\/\/geppi-kaffeemaschinen.ch\/fr\/produit\/jura-filterpatrone-claris-smart\/\" \/>\n<meta property=\"og:site_name\" content=\"Geppi Kaffeemaschinen\" \/>\n<meta property=\"article:modified_time\" content=\"2026-04-25T07:04:10+00:00\" \/>\n<meta property=\"og:image\" content=\"https:\/\/geppi-kaffeemaschinen.ch\/wp-content\/uploads\/2024\/06\/claris_smart_plus_overview.jpg\" \/>\n\t<meta property=\"og:image:width\" content=\"350\" \/>\n\t<meta property=\"og:image:height\" content=\"263\" \/>\n\t<meta property=\"og:image:type\" content=\"image\/jpeg\" \/>\n<meta name=\"twitter:card\" content=\"summary_large_image\" \/>\n<meta name=\"twitter:label1\" content=\"Dur\u00e9e de lecture estim\u00e9e\" \/>\n\t<meta name=\"twitter:data1\" content=\"2 minutes\" \/>\n<script type=\"application\/ld+json\" class=\"yoast-schema-graph\">{\"@context\":\"https:\/\/schema.org\",\"@graph\":[{\"@type\":\"WebPage\",\"@id\":\"https:\/\/geppi-kaffeemaschinen.ch\/produkt\/jura-filterpatrone-claris-smart\/\",\"url\":\"https:\/\/geppi-kaffeemaschinen.ch\/produkt\/jura-filterpatrone-claris-smart\/\",\"name\":\"JURA Filterpatrone CLARIS Smart+ - Geppi Kaffeemaschinen\",\"isPartOf\":{\"@id\":\"https:\/\/geppi-kaffeemaschinen.ch\/fr\/#website\"},\"primaryImageOfPage\":{\"@id\":\"https:\/\/geppi-kaffeemaschinen.ch\/produkt\/jura-filterpatrone-claris-smart\/#primaryimage\"},\"image\":{\"@id\":\"https:\/\/geppi-kaffeemaschinen.ch\/produkt\/jura-filterpatrone-claris-smart\/#primaryimage\"},\"thumbnailUrl\":\"https:\/\/geppi-kaffeemaschinen.ch\/wp-content\/uploads\/2024\/06\/claris_smart_plus_overview.jpg\",\"datePublished\":\"2024-06-12T13:41:18+00:00\",\"dateModified\":\"2026-04-25T07:04:10+00:00\",\"description\":\"Erleben Sie herausragende Kaffeegeschmack mit der JURA Filterpatrone CLARIS Smart+. Entwickelt f\u00fcr JURA Kaffeemaschinen mit intelligentem Wassersystem (I.W.S.), entfernt diese Patrone Kalk, Chlor und andere Verunreinigungen, w\u00e4hrend wertvolle Mineralien erhalten bleiben.\",\"breadcrumb\":{\"@id\":\"https:\/\/geppi-kaffeemaschinen.ch\/produkt\/jura-filterpatrone-claris-smart\/#breadcrumb\"},\"inLanguage\":\"fr-FR\",\"potentialAction\":[{\"@type\":\"ReadAction\",\"target\":[\"https:\/\/geppi-kaffeemaschinen.ch\/produkt\/jura-filterpatrone-claris-smart\/\"]}]},{\"@type\":\"ImageObject\",\"inLanguage\":\"fr-FR\",\"@id\":\"https:\/\/geppi-kaffeemaschinen.ch\/produkt\/jura-filterpatrone-claris-smart\/#primaryimage\",\"url\":\"https:\/\/geppi-kaffeemaschinen.ch\/wp-content\/uploads\/2024\/06\/claris_smart_plus_overview.jpg\",\"contentUrl\":\"https:\/\/geppi-kaffeemaschinen.ch\/wp-content\/uploads\/2024\/06\/claris_smart_plus_overview.jpg\",\"width\":350,\"height\":263},{\"@type\":\"BreadcrumbList\",\"@id\":\"https:\/\/geppi-kaffeemaschinen.ch\/produkt\/jura-filterpatrone-claris-smart\/#breadcrumb\",\"itemListElement\":[{\"@type\":\"ListItem\",\"position\":1,\"name\":\"Startseite\",\"item\":\"https:\/\/geppi-kaffeemaschinen.ch\/\"},{\"@type\":\"ListItem\",\"position\":2,\"name\":\"Shop\",\"item\":\"https:\/\/geppi-kaffeemaschinen.ch\/shop\/\"},{\"@type\":\"ListItem\",\"position\":3,\"name\":\"JURA Filterpatrone CLARIS Smart+\"}]},{\"@type\":\"WebSite\",\"@id\":\"https:\/\/geppi-kaffeemaschinen.ch\/fr\/#website\",\"url\":\"https:\/\/geppi-kaffeemaschinen.ch\/fr\/\",\"name\":\"Geppi Kaffeemaschinen\",\"description\":\"\",\"publisher\":{\"@id\":\"https:\/\/geppi-kaffeemaschinen.ch\/fr\/#organization\"},\"potentialAction\":[{\"@type\":\"SearchAction\",\"target\":{\"@type\":\"EntryPoint\",\"urlTemplate\":\"https:\/\/geppi-kaffeemaschinen.ch\/fr\/?s={search_term_string}\"},\"query-input\":{\"@type\":\"PropertyValueSpecification\",\"valueRequired\":true,\"valueName\":\"search_term_string\"}}],\"inLanguage\":\"fr-FR\"},{\"@type\":\"Organization\",\"@id\":\"https:\/\/geppi-kaffeemaschinen.ch\/fr\/#organization\",\"name\":\"Geppi Kaffeemaschinen\",\"url\":\"https:\/\/geppi-kaffeemaschinen.ch\/fr\/\",\"logo\":{\"@type\":\"ImageObject\",\"inLanguage\":\"fr-FR\",\"@id\":\"https:\/\/geppi-kaffeemaschinen.ch\/fr\/#\/schema\/logo\/image\/\",\"url\":\"https:\/\/geppi-kaffeemaschinen.ch\/wp-content\/uploads\/2021\/08\/logo-scaled_prev_ui.png\",\"contentUrl\":\"https:\/\/geppi-kaffeemaschinen.ch\/wp-content\/uploads\/2021\/08\/logo-scaled_prev_ui.png\",\"width\":500,\"height\":500,\"caption\":\"Geppi Kaffeemaschinen\"},\"image\":{\"@id\":\"https:\/\/geppi-kaffeemaschinen.ch\/fr\/#\/schema\/logo\/image\/\"}}]}<\/script>\n<!-- \/ Yoast SEO plugin. -->","yoast_head_json":{"title":"JURA Filterpatrone CLARIS Smart+ - Geppi Kaffeemaschinen","description":"Erleben Sie herausragende Kaffeegeschmack mit der JURA Filterpatrone CLARIS Smart+. Entwickelt f\u00fcr JURA Kaffeemaschinen mit intelligentem Wassersystem (I.W.S.), entfernt diese Patrone Kalk, Chlor und andere Verunreinigungen, w\u00e4hrend wertvolle Mineralien erhalten bleiben.","robots":{"index":"index","follow":"follow","max-snippet":"max-snippet:-1","max-image-preview":"max-image-preview:large","max-video-preview":"max-video-preview:-1"},"canonical":"https:\/\/geppi-kaffeemaschinen.ch\/fr\/produit\/jura-filterpatrone-claris-smart\/","og_locale":"fr_FR","og_type":"article","og_title":"JURA Filterpatrone CLARIS Smart+ - Geppi Kaffeemaschinen","og_description":"Erleben Sie herausragende Kaffeegeschmack mit der JURA Filterpatrone CLARIS Smart+. Entwickelt f\u00fcr JURA Kaffeemaschinen mit intelligentem Wassersystem (I.W.S.), entfernt diese Patrone Kalk, Chlor und andere Verunreinigungen, w\u00e4hrend wertvolle Mineralien erhalten bleiben.","og_url":"https:\/\/geppi-kaffeemaschinen.ch\/fr\/produit\/jura-filterpatrone-claris-smart\/","og_site_name":"Geppi Kaffeemaschinen","article_modified_time":"2026-04-25T07:04:10+00:00","og_image":[{"width":350,"height":263,"url":"https:\/\/geppi-kaffeemaschinen.ch\/wp-content\/uploads\/2024\/06\/claris_smart_plus_overview.jpg","type":"image\/jpeg"}],"twitter_card":"summary_large_image","twitter_misc":{"Dur\u00e9e de lecture estim\u00e9e":"2 minutes"},"schema":{"@context":"https:\/\/schema.org","@graph":[{"@type":"WebPage","@id":"https:\/\/geppi-kaffeemaschinen.ch\/produkt\/jura-filterpatrone-claris-smart\/","url":"https:\/\/geppi-kaffeemaschinen.ch\/produkt\/jura-filterpatrone-claris-smart\/","name":"JURA Filterpatrone CLARIS Smart+ - Geppi Kaffeemaschinen","isPartOf":{"@id":"https:\/\/geppi-kaffeemaschinen.ch\/fr\/#website"},"primaryImageOfPage":{"@id":"https:\/\/geppi-kaffeemaschinen.ch\/produkt\/jura-filterpatrone-claris-smart\/#primaryimage"},"image":{"@id":"https:\/\/geppi-kaffeemaschinen.ch\/produkt\/jura-filterpatrone-claris-smart\/#primaryimage"},"thumbnailUrl":"https:\/\/geppi-kaffeemaschinen.ch\/wp-content\/uploads\/2024\/06\/claris_smart_plus_overview.jpg","datePublished":"2024-06-12T13:41:18+00:00","dateModified":"2026-04-25T07:04:10+00:00","description":"Erleben Sie herausragende Kaffeegeschmack mit der JURA Filterpatrone CLARIS Smart+. Entwickelt f\u00fcr JURA Kaffeemaschinen mit intelligentem Wassersystem (I.W.S.), entfernt diese Patrone Kalk, Chlor und andere Verunreinigungen, w\u00e4hrend wertvolle Mineralien erhalten bleiben.","breadcrumb":{"@id":"https:\/\/geppi-kaffeemaschinen.ch\/produkt\/jura-filterpatrone-claris-smart\/#breadcrumb"},"inLanguage":"fr-FR","potentialAction":[{"@type":"ReadAction","target":["https:\/\/geppi-kaffeemaschinen.ch\/produkt\/jura-filterpatrone-claris-smart\/"]}]},{"@type":"ImageObject","inLanguage":"fr-FR","@id":"https:\/\/geppi-kaffeemaschinen.ch\/produkt\/jura-filterpatrone-claris-smart\/#primaryimage","url":"https:\/\/geppi-kaffeemaschinen.ch\/wp-content\/uploads\/2024\/06\/claris_smart_plus_overview.jpg","contentUrl":"https:\/\/geppi-kaffeemaschinen.ch\/wp-content\/uploads\/2024\/06\/claris_smart_plus_overview.jpg","width":350,"height":263},{"@type":"BreadcrumbList","@id":"https:\/\/geppi-kaffeemaschinen.ch\/produkt\/jura-filterpatrone-claris-smart\/#breadcrumb","itemListElement":[{"@type":"ListItem","position":1,"name":"Startseite","item":"https:\/\/geppi-kaffeemaschinen.ch\/"},{"@type":"ListItem","position":2,"name":"Shop","item":"https:\/\/geppi-kaffeemaschinen.ch\/shop\/"},{"@type":"ListItem","position":3,"name":"JURA Filterpatrone CLARIS Smart+"}]},{"@type":"WebSite","@id":"https:\/\/geppi-kaffeemaschinen.ch\/fr\/#website","url":"https:\/\/geppi-kaffeemaschinen.ch\/fr\/","name":"Machines \u00e0 caf\u00e9 Geppi","description":"","publisher":{"@id":"https:\/\/geppi-kaffeemaschinen.ch\/fr\/#organization"},"potentialAction":[{"@type":"SearchAction","target":{"@type":"EntryPoint","urlTemplate":"https:\/\/geppi-kaffeemaschinen.ch\/fr\/?s={search_term_string}"},"query-input":{"@type":"PropertyValueSpecification","valueRequired":true,"valueName":"search_term_string"}}],"inLanguage":"fr-FR"},{"@type":"Organization","@id":"https:\/\/geppi-kaffeemaschinen.ch\/fr\/#organization","name":"Machines \u00e0 caf\u00e9 Geppi","url":"https:\/\/geppi-kaffeemaschinen.ch\/fr\/","logo":{"@type":"ImageObject","inLanguage":"fr-FR","@id":"https:\/\/geppi-kaffeemaschinen.ch\/fr\/#\/schema\/logo\/image\/","url":"https:\/\/geppi-kaffeemaschinen.ch\/wp-content\/uploads\/2021\/08\/logo-scaled_prev_ui.png","contentUrl":"https:\/\/geppi-kaffeemaschinen.ch\/wp-content\/uploads\/2021\/08\/logo-scaled_prev_ui.png","width":500,"height":500,"caption":"Geppi Kaffeemaschinen"},"image":{"@id":"https:\/\/geppi-kaffeemaschinen.ch\/fr\/#\/schema\/logo\/image\/"}}]}},"_links":{"self":[{"href":"https:\/\/geppi-kaffeemaschinen.ch\/fr\/wp-json\/wp\/v2\/product\/17210","targetHints":{"allow":["GET"]}}],"collection":[{"href":"https:\/\/geppi-kaffeemaschinen.ch\/fr\/wp-json\/wp\/v2\/product"}],"about":[{"href":"https:\/\/geppi-kaffeemaschinen.ch\/fr\/wp-json\/wp\/v2\/types\/product"}],"replies":[{"embeddable":true,"href":"https:\/\/geppi-kaffeemaschinen.ch\/fr\/wp-json\/wp\/v2\/comments?post=17210"}],"version-history":[{"count":2,"href":"https:\/\/geppi-kaffeemaschinen.ch\/fr\/wp-json\/wp\/v2\/product\/17210\/revisions"}],"predecessor-version":[{"id":17221,"href":"https:\/\/geppi-kaffeemaschinen.ch\/fr\/wp-json\/wp\/v2\/product\/17210\/revisions\/17221"}],"wp:featuredmedia":[{"embeddable":true,"href":"https:\/\/geppi-kaffeemaschinen.ch\/fr\/wp-json\/wp\/v2\/media\/17219"}],"wp:attachment":[{"href":"https:\/\/geppi-kaffeemaschinen.ch\/fr\/wp-json\/wp\/v2\/media?parent=17210"}],"wp:term":[{"taxonomy":"product_brand","embeddable":true,"href":"https:\/\/geppi-kaffeemaschinen.ch\/fr\/wp-json\/wp\/v2\/product_brand?post=17210"},{"taxonomy":"product_cat","embeddable":true,"href":"https:\/\/geppi-kaffeemaschinen.ch\/fr\/wp-json\/wp\/v2\/product_cat?post=17210"},{"taxonomy":"product_tag","embeddable":true,"href":"https:\/\/geppi-kaffeemaschinen.ch\/fr\/wp-json\/wp\/v2\/product_tag?post=17210"}],"curies":[{"name":"wp","href":"https:\/\/api.w.org\/{rel}","templated":true}]}}