{"id":17223,"date":"2024-06-12T13:46:47","date_gmt":"2024-06-12T13:46:47","guid":{"rendered":"https:\/\/geppi-kaffeemaschinen.ch\/?post_type=product&#038;p=17223"},"modified":"2026-02-06T06:07:24","modified_gmt":"2026-02-06T05:07:24","slug":"jura-filterpatrone-claris-white-1-stuck","status":"publish","type":"product","link":"https:\/\/geppi-kaffeemaschinen.ch\/fr\/produit\/jura-filterpatrone-claris-white-1-stuck\/","title":{"rendered":"JURA cartouche filtrante CLARIS Blanc 1 pi\u00e8ce"},"content":{"rendered":"<p>La cartouche filtrante JURA CLARIS White assure une qualit\u00e9 d&#039;eau optimale dans vos machines \u00e0 caf\u00e9 et garantit un ar\u00f4me de caf\u00e9 incomparable. La technologie de filtre innovante \u00e9limine efficacement les polluants tout en conservant les min\u00e9raux pr\u00e9cieux. La cartouche filtrante CLARIS White a \u00e9t\u00e9 sp\u00e9cialement d\u00e9velopp\u00e9e pour les machines \u00e0 caf\u00e9 JURA.<\/p>\n<p>Caract\u00e9ristiques du produit :<\/p>\n<p>\u2013 <strong>Contenu:<\/strong> 1 pi\u00e8ce<br \/>\n\u2013 <strong>Compatibilit\u00e9:<\/strong> Convient \u00e0 toutes les machines \u00e0 caf\u00e9 JURA fonctionnant avec les filtres CLARIS White<br \/>\n\u2013 <strong>Filtration efficace :<\/strong> \u00c9limine de mani\u00e8re fiable le calcaire, le chlore et autres impuret\u00e9s<br \/>\n\u2013 <strong>Qualit\u00e9 de l&#039;eau am\u00e9lior\u00e9e\u00a0:<\/strong> Assure une eau pure et am\u00e9liore le go\u00fbt du caf\u00e9<br \/>\n\u2013 <strong>Dur\u00e9e de vie plus longue :<\/strong> Prot\u00e8ge votre machine des d\u00e9p\u00f4ts de calcaire et prolonge sa dur\u00e9e de vie<br \/>\n\u2013 <strong>\u00c9change facile :<\/strong> Facile \u00e0 ins\u00e9rer et \u00e0 remplacer<\/p>\n<p><strong>Description:<\/strong><br \/>\nLa cartouche filtrante JURA CLARIS White offre une solution simple et efficace pour \u00e9liminer le calcaire, le chlore et autres substances nocives de l&#039;eau sans affecter les pr\u00e9cieux min\u00e9raux. Cela donne un meilleur go\u00fbt au caf\u00e9 et prot\u00e8ge en m\u00eame temps votre machine des d\u00e9p\u00f4ts de calcaire.<\/p>\n<p>L&#039;utilisation de la cartouche filtrante JURA CLARIS White est simple et pratique. Ins\u00e9rez simplement la cartouche dans le r\u00e9servoir d&#039;eau de votre machine \u00e0 caf\u00e9 JURA et la machine reconna\u00eetra automatiquement le nouveau filtre. Le remplacement r\u00e9gulier des filtres garantit que votre caf\u00e9 est toujours fabriqu\u00e9 \u00e0 partir d&#039;eau pure, ce qui fait ressortir les meilleures saveurs et prolonge la dur\u00e9e de vie de votre machine.<\/p>\n<p>Profitez de votre caf\u00e9 de la meilleure qualit\u00e9 avec la cartouche filtrante JURA CLARIS White.<\/p>","protected":false},"excerpt":{"rendered":"<ul>\n<li>JURA CLARIS Cartouche filtrante blanche<\/li>\n<li>Pour une qualit\u00e9 d&#039;eau optimale et le meilleur go\u00fbt du caf\u00e9<\/li>\n<li>Convient \u00e0 toutes les machines JURA avec filtre CLARIS White<\/li>\n<li>\u00c9limine le calcaire, le chlore et les impuret\u00e9s<\/li>\n<li>Am\u00e9liore la dur\u00e9e de vie de votre machine<\/li>\n<li>Contenu : 1 pi\u00e8ce<\/li>\n<\/ul>","protected":false},"featured_media":17225,"comment_status":"open","ping_status":"closed","template":"","meta":[],"product_brand":[],"product_cat":[28],"product_tag":[],"class_list":{"0":"post-17223","1":"product","2":"type-product","3":"status-publish","4":"has-post-thumbnail","6":"product_cat-pflegeprodukte","8":"first","9":"instock","10":"shipping-taxable","11":"purchasable","12":"product-type-simple"},"yoast_head":"<!-- This site is optimized with the Yoast SEO plugin v25.1 - https:\/\/yoast.com\/wordpress\/plugins\/seo\/ -->\n<title>JURA Filterpatrone CLARIS White 1 St\u00fcck - Geppi Kaffeemaschinen<\/title>\n<meta name=\"description\" content=\"Erleben Sie perfekten Kaffeegeschmack mit der JURA Filterpatrone CLARIS White. Diese einzelne Patrone sorgt f\u00fcr optimale Wasserqualit\u00e4t in Ihrer JURA Kaffeemaschine, entfernt effektiv Kalk, Chlor und andere Verunreinigungen, w\u00e4hrend wertvolle Mineralien erhalten bleiben.\" \/>\n<meta name=\"robots\" content=\"index, follow, max-snippet:-1, max-image-preview:large, max-video-preview:-1\" \/>\n<link rel=\"canonical\" href=\"https:\/\/geppi-kaffeemaschinen.ch\/fr\/produit\/jura-filterpatrone-claris-white-1-stuck\/\" \/>\n<meta property=\"og:locale\" content=\"fr_FR\" \/>\n<meta property=\"og:type\" content=\"article\" \/>\n<meta property=\"og:title\" content=\"JURA Filterpatrone CLARIS White 1 St\u00fcck - Geppi Kaffeemaschinen\" \/>\n<meta property=\"og:description\" content=\"Erleben Sie perfekten Kaffeegeschmack mit der JURA Filterpatrone CLARIS White. Diese einzelne Patrone sorgt f\u00fcr optimale Wasserqualit\u00e4t in Ihrer JURA Kaffeemaschine, entfernt effektiv Kalk, Chlor und andere Verunreinigungen, w\u00e4hrend wertvolle Mineralien erhalten bleiben.\" \/>\n<meta property=\"og:url\" content=\"https:\/\/geppi-kaffeemaschinen.ch\/fr\/produit\/jura-filterpatrone-claris-white-1-stuck\/\" \/>\n<meta property=\"og:site_name\" content=\"Geppi Kaffeemaschinen\" \/>\n<meta property=\"article:modified_time\" content=\"2026-02-06T05:07:24+00:00\" \/>\n<meta property=\"og:image\" content=\"https:\/\/geppi-kaffeemaschinen.ch\/wp-content\/uploads\/2024\/06\/overview_claris_white_new.jpg\" \/>\n\t<meta property=\"og:image:width\" content=\"350\" \/>\n\t<meta property=\"og:image:height\" content=\"263\" \/>\n\t<meta property=\"og:image:type\" content=\"image\/jpeg\" \/>\n<meta name=\"twitter:card\" content=\"summary_large_image\" \/>\n<meta name=\"twitter:label1\" content=\"Dur\u00e9e de lecture estim\u00e9e\" \/>\n\t<meta name=\"twitter:data1\" content=\"2 minutes\" \/>\n<script type=\"application\/ld+json\" class=\"yoast-schema-graph\">{\"@context\":\"https:\/\/schema.org\",\"@graph\":[{\"@type\":\"WebPage\",\"@id\":\"https:\/\/geppi-kaffeemaschinen.ch\/produkt\/jura-filterpatrone-claris-white-1-stuck\/\",\"url\":\"https:\/\/geppi-kaffeemaschinen.ch\/produkt\/jura-filterpatrone-claris-white-1-stuck\/\",\"name\":\"JURA Filterpatrone CLARIS White 1 St\u00fcck - Geppi Kaffeemaschinen\",\"isPartOf\":{\"@id\":\"https:\/\/geppi-kaffeemaschinen.ch\/fr\/#website\"},\"primaryImageOfPage\":{\"@id\":\"https:\/\/geppi-kaffeemaschinen.ch\/produkt\/jura-filterpatrone-claris-white-1-stuck\/#primaryimage\"},\"image\":{\"@id\":\"https:\/\/geppi-kaffeemaschinen.ch\/produkt\/jura-filterpatrone-claris-white-1-stuck\/#primaryimage\"},\"thumbnailUrl\":\"https:\/\/geppi-kaffeemaschinen.ch\/wp-content\/uploads\/2024\/06\/overview_claris_white_new.jpg\",\"datePublished\":\"2024-06-12T13:46:47+00:00\",\"dateModified\":\"2026-02-06T05:07:24+00:00\",\"description\":\"Erleben Sie perfekten Kaffeegeschmack mit der JURA Filterpatrone CLARIS White. Diese einzelne Patrone sorgt f\u00fcr optimale Wasserqualit\u00e4t in Ihrer JURA Kaffeemaschine, entfernt effektiv Kalk, Chlor und andere Verunreinigungen, w\u00e4hrend wertvolle Mineralien erhalten bleiben.\",\"breadcrumb\":{\"@id\":\"https:\/\/geppi-kaffeemaschinen.ch\/produkt\/jura-filterpatrone-claris-white-1-stuck\/#breadcrumb\"},\"inLanguage\":\"fr-FR\",\"potentialAction\":[{\"@type\":\"ReadAction\",\"target\":[\"https:\/\/geppi-kaffeemaschinen.ch\/produkt\/jura-filterpatrone-claris-white-1-stuck\/\"]}]},{\"@type\":\"ImageObject\",\"inLanguage\":\"fr-FR\",\"@id\":\"https:\/\/geppi-kaffeemaschinen.ch\/produkt\/jura-filterpatrone-claris-white-1-stuck\/#primaryimage\",\"url\":\"https:\/\/geppi-kaffeemaschinen.ch\/wp-content\/uploads\/2024\/06\/overview_claris_white_new.jpg\",\"contentUrl\":\"https:\/\/geppi-kaffeemaschinen.ch\/wp-content\/uploads\/2024\/06\/overview_claris_white_new.jpg\",\"width\":350,\"height\":263},{\"@type\":\"BreadcrumbList\",\"@id\":\"https:\/\/geppi-kaffeemaschinen.ch\/produkt\/jura-filterpatrone-claris-white-1-stuck\/#breadcrumb\",\"itemListElement\":[{\"@type\":\"ListItem\",\"position\":1,\"name\":\"Startseite\",\"item\":\"https:\/\/geppi-kaffeemaschinen.ch\/\"},{\"@type\":\"ListItem\",\"position\":2,\"name\":\"Shop\",\"item\":\"https:\/\/geppi-kaffeemaschinen.ch\/shop\/\"},{\"@type\":\"ListItem\",\"position\":3,\"name\":\"JURA Filterpatrone CLARIS White 1 St\u00fcck\"}]},{\"@type\":\"WebSite\",\"@id\":\"https:\/\/geppi-kaffeemaschinen.ch\/fr\/#website\",\"url\":\"https:\/\/geppi-kaffeemaschinen.ch\/fr\/\",\"name\":\"Geppi Kaffeemaschinen\",\"description\":\"\",\"publisher\":{\"@id\":\"https:\/\/geppi-kaffeemaschinen.ch\/fr\/#organization\"},\"potentialAction\":[{\"@type\":\"SearchAction\",\"target\":{\"@type\":\"EntryPoint\",\"urlTemplate\":\"https:\/\/geppi-kaffeemaschinen.ch\/fr\/?s={search_term_string}\"},\"query-input\":{\"@type\":\"PropertyValueSpecification\",\"valueRequired\":true,\"valueName\":\"search_term_string\"}}],\"inLanguage\":\"fr-FR\"},{\"@type\":\"Organization\",\"@id\":\"https:\/\/geppi-kaffeemaschinen.ch\/fr\/#organization\",\"name\":\"Geppi Kaffeemaschinen\",\"url\":\"https:\/\/geppi-kaffeemaschinen.ch\/fr\/\",\"logo\":{\"@type\":\"ImageObject\",\"inLanguage\":\"fr-FR\",\"@id\":\"https:\/\/geppi-kaffeemaschinen.ch\/fr\/#\/schema\/logo\/image\/\",\"url\":\"https:\/\/geppi-kaffeemaschinen.ch\/wp-content\/uploads\/2021\/08\/logo-scaled_prev_ui.png\",\"contentUrl\":\"https:\/\/geppi-kaffeemaschinen.ch\/wp-content\/uploads\/2021\/08\/logo-scaled_prev_ui.png\",\"width\":500,\"height\":500,\"caption\":\"Geppi Kaffeemaschinen\"},\"image\":{\"@id\":\"https:\/\/geppi-kaffeemaschinen.ch\/fr\/#\/schema\/logo\/image\/\"}}]}<\/script>\n<!-- \/ Yoast SEO plugin. -->","yoast_head_json":{"title":"JURA Filterpatrone CLARIS White 1 St\u00fcck - Geppi Kaffeemaschinen","description":"Erleben Sie perfekten Kaffeegeschmack mit der JURA Filterpatrone CLARIS White. Diese einzelne Patrone sorgt f\u00fcr optimale Wasserqualit\u00e4t in Ihrer JURA Kaffeemaschine, entfernt effektiv Kalk, Chlor und andere Verunreinigungen, w\u00e4hrend wertvolle Mineralien erhalten bleiben.","robots":{"index":"index","follow":"follow","max-snippet":"max-snippet:-1","max-image-preview":"max-image-preview:large","max-video-preview":"max-video-preview:-1"},"canonical":"https:\/\/geppi-kaffeemaschinen.ch\/fr\/produit\/jura-filterpatrone-claris-white-1-stuck\/","og_locale":"fr_FR","og_type":"article","og_title":"JURA Filterpatrone CLARIS White 1 St\u00fcck - Geppi Kaffeemaschinen","og_description":"Erleben Sie perfekten Kaffeegeschmack mit der JURA Filterpatrone CLARIS White. Diese einzelne Patrone sorgt f\u00fcr optimale Wasserqualit\u00e4t in Ihrer JURA Kaffeemaschine, entfernt effektiv Kalk, Chlor und andere Verunreinigungen, w\u00e4hrend wertvolle Mineralien erhalten bleiben.","og_url":"https:\/\/geppi-kaffeemaschinen.ch\/fr\/produit\/jura-filterpatrone-claris-white-1-stuck\/","og_site_name":"Geppi Kaffeemaschinen","article_modified_time":"2026-02-06T05:07:24+00:00","og_image":[{"width":350,"height":263,"url":"https:\/\/geppi-kaffeemaschinen.ch\/wp-content\/uploads\/2024\/06\/overview_claris_white_new.jpg","type":"image\/jpeg"}],"twitter_card":"summary_large_image","twitter_misc":{"Dur\u00e9e de lecture estim\u00e9e":"2 minutes"},"schema":{"@context":"https:\/\/schema.org","@graph":[{"@type":"WebPage","@id":"https:\/\/geppi-kaffeemaschinen.ch\/produkt\/jura-filterpatrone-claris-white-1-stuck\/","url":"https:\/\/geppi-kaffeemaschinen.ch\/produkt\/jura-filterpatrone-claris-white-1-stuck\/","name":"JURA Filterpatrone CLARIS White 1 St\u00fcck - Geppi Kaffeemaschinen","isPartOf":{"@id":"https:\/\/geppi-kaffeemaschinen.ch\/fr\/#website"},"primaryImageOfPage":{"@id":"https:\/\/geppi-kaffeemaschinen.ch\/produkt\/jura-filterpatrone-claris-white-1-stuck\/#primaryimage"},"image":{"@id":"https:\/\/geppi-kaffeemaschinen.ch\/produkt\/jura-filterpatrone-claris-white-1-stuck\/#primaryimage"},"thumbnailUrl":"https:\/\/geppi-kaffeemaschinen.ch\/wp-content\/uploads\/2024\/06\/overview_claris_white_new.jpg","datePublished":"2024-06-12T13:46:47+00:00","dateModified":"2026-02-06T05:07:24+00:00","description":"Erleben Sie perfekten Kaffeegeschmack mit der JURA Filterpatrone CLARIS White. Diese einzelne Patrone sorgt f\u00fcr optimale Wasserqualit\u00e4t in Ihrer JURA Kaffeemaschine, entfernt effektiv Kalk, Chlor und andere Verunreinigungen, w\u00e4hrend wertvolle Mineralien erhalten bleiben.","breadcrumb":{"@id":"https:\/\/geppi-kaffeemaschinen.ch\/produkt\/jura-filterpatrone-claris-white-1-stuck\/#breadcrumb"},"inLanguage":"fr-FR","potentialAction":[{"@type":"ReadAction","target":["https:\/\/geppi-kaffeemaschinen.ch\/produkt\/jura-filterpatrone-claris-white-1-stuck\/"]}]},{"@type":"ImageObject","inLanguage":"fr-FR","@id":"https:\/\/geppi-kaffeemaschinen.ch\/produkt\/jura-filterpatrone-claris-white-1-stuck\/#primaryimage","url":"https:\/\/geppi-kaffeemaschinen.ch\/wp-content\/uploads\/2024\/06\/overview_claris_white_new.jpg","contentUrl":"https:\/\/geppi-kaffeemaschinen.ch\/wp-content\/uploads\/2024\/06\/overview_claris_white_new.jpg","width":350,"height":263},{"@type":"BreadcrumbList","@id":"https:\/\/geppi-kaffeemaschinen.ch\/produkt\/jura-filterpatrone-claris-white-1-stuck\/#breadcrumb","itemListElement":[{"@type":"ListItem","position":1,"name":"Startseite","item":"https:\/\/geppi-kaffeemaschinen.ch\/"},{"@type":"ListItem","position":2,"name":"Shop","item":"https:\/\/geppi-kaffeemaschinen.ch\/shop\/"},{"@type":"ListItem","position":3,"name":"JURA Filterpatrone CLARIS White 1 St\u00fcck"}]},{"@type":"WebSite","@id":"https:\/\/geppi-kaffeemaschinen.ch\/fr\/#website","url":"https:\/\/geppi-kaffeemaschinen.ch\/fr\/","name":"Machines \u00e0 caf\u00e9 Geppi","description":"","publisher":{"@id":"https:\/\/geppi-kaffeemaschinen.ch\/fr\/#organization"},"potentialAction":[{"@type":"SearchAction","target":{"@type":"EntryPoint","urlTemplate":"https:\/\/geppi-kaffeemaschinen.ch\/fr\/?s={search_term_string}"},"query-input":{"@type":"PropertyValueSpecification","valueRequired":true,"valueName":"search_term_string"}}],"inLanguage":"fr-FR"},{"@type":"Organization","@id":"https:\/\/geppi-kaffeemaschinen.ch\/fr\/#organization","name":"Machines \u00e0 caf\u00e9 Geppi","url":"https:\/\/geppi-kaffeemaschinen.ch\/fr\/","logo":{"@type":"ImageObject","inLanguage":"fr-FR","@id":"https:\/\/geppi-kaffeemaschinen.ch\/fr\/#\/schema\/logo\/image\/","url":"https:\/\/geppi-kaffeemaschinen.ch\/wp-content\/uploads\/2021\/08\/logo-scaled_prev_ui.png","contentUrl":"https:\/\/geppi-kaffeemaschinen.ch\/wp-content\/uploads\/2021\/08\/logo-scaled_prev_ui.png","width":500,"height":500,"caption":"Geppi Kaffeemaschinen"},"image":{"@id":"https:\/\/geppi-kaffeemaschinen.ch\/fr\/#\/schema\/logo\/image\/"}}]}},"_links":{"self":[{"href":"https:\/\/geppi-kaffeemaschinen.ch\/fr\/wp-json\/wp\/v2\/product\/17223","targetHints":{"allow":["GET"]}}],"collection":[{"href":"https:\/\/geppi-kaffeemaschinen.ch\/fr\/wp-json\/wp\/v2\/product"}],"about":[{"href":"https:\/\/geppi-kaffeemaschinen.ch\/fr\/wp-json\/wp\/v2\/types\/product"}],"replies":[{"embeddable":true,"href":"https:\/\/geppi-kaffeemaschinen.ch\/fr\/wp-json\/wp\/v2\/comments?post=17223"}],"version-history":[{"count":1,"href":"https:\/\/geppi-kaffeemaschinen.ch\/fr\/wp-json\/wp\/v2\/product\/17223\/revisions"}],"predecessor-version":[{"id":17227,"href":"https:\/\/geppi-kaffeemaschinen.ch\/fr\/wp-json\/wp\/v2\/product\/17223\/revisions\/17227"}],"wp:featuredmedia":[{"embeddable":true,"href":"https:\/\/geppi-kaffeemaschinen.ch\/fr\/wp-json\/wp\/v2\/media\/17225"}],"wp:attachment":[{"href":"https:\/\/geppi-kaffeemaschinen.ch\/fr\/wp-json\/wp\/v2\/media?parent=17223"}],"wp:term":[{"taxonomy":"product_brand","embeddable":true,"href":"https:\/\/geppi-kaffeemaschinen.ch\/fr\/wp-json\/wp\/v2\/product_brand?post=17223"},{"taxonomy":"product_cat","embeddable":true,"href":"https:\/\/geppi-kaffeemaschinen.ch\/fr\/wp-json\/wp\/v2\/product_cat?post=17223"},{"taxonomy":"product_tag","embeddable":true,"href":"https:\/\/geppi-kaffeemaschinen.ch\/fr\/wp-json\/wp\/v2\/product_tag?post=17223"}],"curies":[{"name":"wp","href":"https:\/\/api.w.org\/{rel}","templated":true}]}}